{"id":1183,"date":"2025-12-09T15:34:02","date_gmt":"2025-12-09T14:34:02","guid":{"rendered":"https:\/\/poznanski.media\/?page_id=1183"},"modified":"2025-12-14T17:25:19","modified_gmt":"2025-12-14T16:25:19","slug":"polityka-prywatnosci","status":"publish","type":"page","link":"https:\/\/poznanski.media\/en\/polityka-prywatnosci\/","title":{"rendered":"Polityka prywatno\u015bci"},"content":{"rendered":"<div data-elementor-type=\"wp-page\" data-elementor-id=\"1183\" class=\"elementor elementor-1183\" data-elementor-post-type=\"page\">\n\t\t\t\t<div class=\"elementor-element elementor-element-ada7482 e-flex e-con-boxed e-con e-parent\" data-id=\"ada7482\" data-element_type=\"container\" data-settings=\"{&quot;jet_parallax_layout_list&quot;:[]}\">\n\t\t\t\t\t<div class=\"e-con-inner\">\n\t\t\t\t<div class=\"elementor-element elementor-element-0064e1c elementor-widget elementor-widget-heading\" data-id=\"0064e1c\" data-element_type=\"widget\" data-widget_type=\"heading.default\">\n\t\t\t\t\t<p class=\"elementor-heading-title elementor-size-default\">DOKUMENTACJA<\/p>\t\t\t\t<\/div>\n\t\t\t\t<div class=\"elementor-element elementor-element-1f6d6b6 elementor-widget__width-initial elementor-widget elementor-widget-heading\" data-id=\"1f6d6b6\" data-element_type=\"widget\" data-widget_type=\"heading.default\">\n\t\t\t\t\t<h1 class=\"elementor-heading-title elementor-size-default\">Polityka prywatnosci<\/h1>\t\t\t\t<\/div>\n\t\t\t\t<div class=\"elementor-element elementor-element-d7d7a39 inter elementor-widget__width-initial elementor-widget elementor-widget-text-editor\" data-id=\"d7d7a39\" data-element_type=\"widget\" data-widget_type=\"text-editor.default\">\n\t\t\t\t\t\t\t\t\t<h2>1. Informacje og\u00f3lne<\/h2>\n<ol>\n<li>Niniejsza polityka dotyczy Serwisu www, funkcjonuj\u0105cego pod adresem url: <b>https:\/\/poznanski.media\/<\/b><\/li>\n<li>Operatorem serwisu oraz Administratorem danych osobowych jest: Dominik Pozna\u0144ski Kapinosa 13, 83-140, Gniew\n<p>5932645666<\/p>\n<\/li>\n<li>Adres kontaktowy poczty elektronicznej operatora: <a href=\"mailto:kontakt@poznanski.media\">kontakt@poznanski.media<\/a><\/li>\n<li>Operator jest Administratorem Twoich danych osobowych w odniesieniu do danych podanych dobrowolnie w<br>Serwisie.<\/li>\n<li>Serwis wykorzystuje dane osobowe w nast\u0119puj\u0105cych celach:\n<ul>\n<li>Obs\u0142uga zapyta\u0144 przez formularz<\/li>\n<\/ul>\n<\/li>\n<li>Serwis realizuje funkcje pozyskiwania informacji o u\u017cytkownikach i ich zachowaniu w nast\u0119puj\u0105cy spos\u00f3b:\n<ol>\n<li>Poprzez dobrowolnie wprowadzone w formularzach dane, kt\u00f3re zostaj\u0105 wprowadzone do system\u00f3w Operatora.<\/li>\n<li>Poprzez zapisywanie w urz\u0105dzeniach ko\u0144cowych plik\u00f3w cookie (tzw. \u201eciasteczka&#8221;).<\/li>\n<\/ol>\n<\/li>\n<\/ol>\n<h2>2. Wybrane metody ochrony danych stosowane przez Operatora<\/h2>\n<ol>\n<li>Miejsca logowania i wprowadzania danych osobowych s\u0105 chronione w warstwie<br>transmisji (certyfikat SSL). Dzi\u0119ki temu dane osobowe i dane logowania, wprowadzone na stronie, zostaj\u0105 zaszyfrowane w<br>komputerze u\u017cytkownika i mog\u0105 by\u0107 odczytane jedynie na docelowym serwerze.<\/li>\n<li>Has\u0142a u\u017cytkownik\u00f3w s\u0105 przechowywane w postaci<br>hashowanej. Funkcja hashuj\u0105ca dzia\u0142a jednokierunkowo &#8211; nie jest mo\u017cliwe odwr\u00f3cenie jej dzia\u0142ania, co stanowi obecnie<br>wsp\u00f3\u0142czesny standard w zakresie przechowywania hase\u0142 u\u017cytkownik\u00f3w.<\/li>\n<li>Istotnym elementem ochrony danych jest regularna aktualizacja wszelkiego oprogramowania, wykorzystywanego<br>przez Operatora do przetwarzania danych osobowych, co w szczeg\u00f3lno\u015bci oznacza regularne aktualizacje komponent\u00f3w<br>programistycznych.<\/li>\n<\/ol>\n<h2>3. Hosting<\/h2>\n<ol>\n<li>Serwis jest hostowany (technicznie utrzymywany) na serwerze operatora: lh.pl<\/li>\n<li>Firma hostingowa w celu zapewnienia niezawodno\u015bci technicznej prowadzi logi na poziomie serwera. Zapisowi<br>mog\u0105 podlega\u0107:\n<ul>\n<li>zasoby okre\u015blone identyfikatorem URL (adresy \u017c\u0105danych zasob\u00f3w \u2013 stron, plik\u00f3w),<\/li>\n<li>czas nadej\u015bcia zapytania,<\/li>\n<li>czas wys\u0142ania odpowiedzi,<\/li>\n<li>nazw\u0119 stacji klienta \u2013 identyfikacja realizowana przez protok\u00f3\u0142 HTTP,<\/li>\n<li>informacje o b\u0142\u0119dach jakie nast\u0105pi\u0142y przy realizacji transakcji HTTP,<\/li>\n<li>adres URL strony poprzednio odwiedzanej przez u\u017cytkownika (referer link) \u2013 w przypadku gdy przej\u015bcie do<br>Serwisu nast\u0105pi\u0142o przez odno\u015bnik,<\/li>\n<li>informacje o przegl\u0105darce u\u017cytkownika,<\/li>\n<li>informacje o adresie IP,<\/li>\n<li>informacje diagnostyczne zwi\u0105zane z procesem samodzielnego zamawiania us\u0142ug poprzez rejestratory na<br>stronie,<\/li>\n<li>informacje zwi\u0105zane z obs\u0142ug\u0105 poczty elektronicznej kierowanej do Operatora oraz wysy\u0142anej przez<br>Operatora.<\/li>\n<\/ul>\n<\/li>\n<\/ol>\n<h2>4. Twoje prawa i dodatkowe informacje o sposobie wykorzystania danych<\/h2>\n<ol>\n<li>W niekt\u00f3rych sytuacjach Administrator ma prawo przekazywa\u0107 Twoje dane osobowe innym odbiorcom, je\u015bli b\u0119dzie<br>to niezb\u0119dne do wykonania zawartej z Tob\u0105 umowy lub do zrealizowania obowi\u0105zk\u00f3w ci\u0105\u017c\u0105cych na<br>Administratorze. Dotyczy to takich grup odbiorc\u00f3w:\n<ul>\n<li>firma hostingowa na zasadzie powierzenia<\/li>\n<li>operatorzy pocztowi<\/li>\n<\/ul>\n<\/li>\n<li>Twoje dane osobowe przetwarzane przez Administratora nie d\u0142u\u017cej, ni\u017c jest to konieczne do wykonania<br>zwi\u0105zanych z nimi czynno\u015bci okre\u015blonych osobnymi przepisami (np. o prowadzeniu rachunkowo\u015bci). W odniesieniu<br>do danych marketingowych dane nie b\u0119d\u0105 przetwarzane d\u0142u\u017cej ni\u017c przez 3 lata.<\/li>\n<li>Przys\u0142uguje Ci prawo \u017c\u0105dania od Administratora:\n<ul>\n<li>dost\u0119pu do danych osobowych Ciebie dotycz\u0105cych,<\/li>\n<li>ich sprostowania,<\/li>\n<li>usuni\u0119cia,<\/li>\n<li>ograniczenia przetwarzania,<\/li>\n<li>oraz przenoszenia danych.<\/li>\n<\/ul>\n<\/li>\n<li>Przys\u0142uguje Ci prawo do z\u0142o\u017cenia sprzeciwu w zakresie przetwarzania wskazanego w pkt 3.3 c) wobec<br>przetwarzania danych osobowych w celu wykonania prawnie uzasadnionych interes\u00f3w realizowanych przez<br>Administratora, w tym profilowania, przy czym prawo sprzeciwu nie b\u0119dzie mog\u0142o by\u0107 wykonane w przypadku<br>istnienia wa\u017cnych prawnie uzasadnionych podstaw do przetwarzania, nadrz\u0119dnych wobec Ciebie interes\u00f3w, praw i<br>wolno\u015bci, w szczeg\u00f3lno\u015bci ustalenia, dochodzenia lub obrony roszcze\u0144.<\/li>\n<li>Na dzia\u0142ania Administratora przys\u0142uguje skarga do Prezesa Urz\u0119du Ochrony Danych Osobowych, ul. Stawki 2,<br>00-193 Warszawa.<\/li>\n<li>Podanie danych osobowych jest dobrowolne, lecz niezb\u0119dne do obs\u0142ugi Serwisu.<\/li>\n<li>W stosunku do Ciebie mog\u0105 by\u0107 podejmowane czynno\u015bci polegaj\u0105ce na zautomatyzowanym podejmowaniu decyzji, w<br>tym profilowaniu w celu \u015bwiadczenia us\u0142ug w ramach zawartej umowy oraz w celu prowadzenia przez<br>Administratora marketingu bezpo\u015bredniego.<\/li>\n<li>Dane osobowe s\u0105 przekazywane od kraj\u00f3w trzecich w rozumieniu przepis\u00f3w o ochronie danych osobowych. Oznacza<br>to, \u017ce przesy\u0142amy je poza teren Unii Europejskiej.<\/li>\n<\/ol>\n<h2>5. Informacje w formularzach<\/h2>\n<ol>\n<li>Serwis zbiera informacje podane dobrowolnie przez u\u017cytkownika, w tym dane osobowe, o ile zostan\u0105 one podane.<\/li>\n<li>Serwis mo\u017ce zapisa\u0107 informacje o parametrach po\u0142\u0105czenia (oznaczenie czasu, adres IP).<\/li>\n<li>Serwis, w niekt\u00f3rych wypadkach, mo\u017ce zapisa\u0107 informacj\u0119 u\u0142atwiaj\u0105c\u0105 powi\u0105zanie danych w formularzu z adresem<br>e-mail u\u017cytkownika wype\u0142niaj\u0105cego formularz. W takim wypadku adres e-mail u\u017cytkownika pojawia si\u0119 wewn\u0105trz<br>adresu url strony zawieraj\u0105cej formularz.<\/li>\n<li>Dane podane w formularzu s\u0105 przetwarzane w celu wynikaj\u0105cym z funkcji konkretnego formularza, np. w celu<br>dokonania procesu obs\u0142ugi zg\u0142oszenia serwisowego lub kontaktu handlowego, rejestracji us\u0142ug itp. Ka\u017cdorazowo<br>kontekst i opis formularza w czytelny spos\u00f3b informuje, do czego on s\u0142u\u017cy.<\/li>\n<\/ol>\n<h2>6. Logi Administratora<\/h2>\n<ol>\n<li>Informacje zachowaniu u\u017cytkownik\u00f3w w serwisie mog\u0105 podlega\u0107 logowaniu. Dane te s\u0105 wykorzystywane w celu<br>administrowania serwisem.<\/li>\n<\/ol>\n<h2>7. Istotne techniki marketingowe<\/h2>\n<ol>\n<li>Operator stosuje analiz\u0119<br>statystyczn\u0105 ruchu na stronie, poprzez Google Analytics (Google Inc. z siedzib\u0105 w USA). Operator nie przekazuje do<br>operatora tej us\u0142ugi danych osobowych, a jedynie zanonimizowane informacje. Us\u0142uga bazuje na wykorzystaniu ciasteczek w<br>urz\u0105dzeniu ko\u0144cowym u\u017cytkownika. W zakresie informacji o preferencjach u\u017cytkownika gromadzonych przez sie\u0107 reklamow\u0105<br>Google u\u017cytkownik mo\u017ce przegl\u0105da\u0107 i edytowa\u0107 informacje wynikaj\u0105ce z plik\u00f3w cookies przy pomocy narz\u0119dzia:<br>https:\/\/www.google.com\/ad<br>s\/preferences\/<\/li>\n<li>Operator stosuje korzysta z piksela Facebooka. Ta technologia<br>powoduje, \u017ce serwis Facebook (Facebook Inc. z siedzib\u0105 w USA) wie, \u017ce dana osoba w nim zarejestrowana korzysta z<br>Serwisu. Bazuje w tym wypadku na danych, wobec kt\u00f3rych sam jest administratorem, Operator nie przekazuje od siebie<br>\u017cadnych dodatkowych danych osobowych serwisowi Facebook. Us\u0142uga bazuje na wykorzystaniu ciasteczek w urz\u0105dzeniu ko\u0144cowym<br>u\u017cytkownika.<\/li>\n<\/ol>\n<h2>8. Informacja o plikach cookies<\/h2>\n<ol>\n<li>Serwis korzysta z plik\u00f3w cookies.<\/li>\n<li>Pliki cookies (tzw. \u201eciasteczka&#8221;) stanowi\u0105 dane informatyczne, w szczeg\u00f3lno\u015bci pliki tekstowe, kt\u00f3re<br>przechowywane s\u0105 w urz\u0105dzeniu ko\u0144cowym U\u017cytkownika Serwisu i przeznaczone s\u0105 do korzystania ze stron<br>internetowych Serwisu. Cookies zazwyczaj zawieraj\u0105 nazw\u0119 strony internetowej, z kt\u00f3rej pochodz\u0105, czas<br>przechowywania ich na urz\u0105dzeniu ko\u0144cowym oraz unikalny numer.<\/li>\n<li>Podmiotem zamieszczaj\u0105cym na urz\u0105dzeniu ko\u0144cowym U\u017cytkownika Serwisu pliki cookies oraz uzyskuj\u0105cym do nich<br>dost\u0119p jest operator Serwisu.<\/li>\n<li>Pliki cookies wykorzystywane s\u0105 w nast\u0119puj\u0105cych celach:\n<ol>\n<li>utrzymanie sesji u\u017cytkownika Serwisu (po zalogowaniu), dzi\u0119ki kt\u00f3rej u\u017cytkownik nie musi na ka\u017cdej<br>podstronie Serwisu ponownie wpisywa\u0107 loginu i has\u0142a;<\/li>\n<li>realizacji cel\u00f3w okre\u015blonych powy\u017cej w cz\u0119\u015bci &#8222;Istotne techniki marketingowe&#8221;;<\/li>\n<\/ol>\n<\/li>\n<li>W ramach Serwisu stosowane s\u0105 dwa zasadnicze rodzaje plik\u00f3w cookies: \u201esesyjne&#8221; (session cookies) oraz<br>\u201esta\u0142e&#8221; (persistent cookies). Cookies \u201esesyjne&#8221; s\u0105 plikami tymczasowymi, kt\u00f3re przechowywane s\u0105 w urz\u0105dzeniu<br>ko\u0144cowym U\u017cytkownika do czasu wylogowania, opuszczenia strony internetowej lub wy\u0142\u0105czenia oprogramowania<br>(przegl\u0105darki internetowej). \u201eSta\u0142e&#8221; pliki cookies przechowywane s\u0105 w urz\u0105dzeniu ko\u0144cowym U\u017cytkownika przez<br>czas okre\u015blony w parametrach plik\u00f3w cookies lub do czasu ich usuni\u0119cia przez U\u017cytkownika.<\/li>\n<li>Oprogramowanie do przegl\u0105dania stron internetowych (przegl\u0105darka internetowa) zazwyczaj domy\u015blnie dopuszcza<br>przechowywanie plik\u00f3w cookies w urz\u0105dzeniu ko\u0144cowym U\u017cytkownika. U\u017cytkownicy Serwisu mog\u0105 dokona\u0107 zmiany<br>ustawie\u0144 w tym zakresie. Przegl\u0105darka internetowa umo\u017cliwia usuni\u0119cie plik\u00f3w cookies. Mo\u017cliwe jest tak\u017ce<br>automatyczne blokowanie plik\u00f3w cookies Szczeg\u00f3\u0142owe informacje na ten temat zawiera pomoc lub dokumentacja<br>przegl\u0105darki internetowej.<\/li>\n<li>Ograniczenia stosowania plik\u00f3w cookies mog\u0105 wp\u0142yn\u0105\u0107 na niekt\u00f3re funkcjonalno\u015bci dost\u0119pne na stronach<br>internetowych Serwisu.<\/li>\n<li>Pliki cookies zamieszczane w urz\u0105dzeniu ko\u0144cowym U\u017cytkownika Serwisu wykorzystywane mog\u0105 by\u0107 r\u00f3wnie\u017c przez<br>wsp\u00f3\u0142pracuj\u0105ce z operatorem Serwisu podmioty, w szczeg\u00f3lno\u015bci dotyczy to firm: Google (Google Inc. z<br>siedzib\u0105 w USA), Facebook (Facebook Inc. z siedzib\u0105 w USA), Twitter (Twitter Inc. z siedzib\u0105 w USA).<\/li>\n<\/ol>\n<h2>9. Zarz\u0105dzanie plikami cookies \u2013 jak w praktyce wyra\u017ca\u0107 i cofa\u0107 zgod\u0119?<\/h2>\n<ol>\n<li>Je\u015bli u\u017cytkownik nie chce otrzymywa\u0107 plik\u00f3w cookies, mo\u017ce zmieni\u0107 ustawienia przegl\u0105darki. Zastrzegamy, \u017ce<br>wy\u0142\u0105czenie obs\u0142ugi plik\u00f3w cookies niezb\u0119dnych dla proces\u00f3w uwierzytelniania, bezpiecze\u0144stwa, utrzymania<br>preferencji u\u017cytkownika mo\u017ce utrudni\u0107, a w skrajnych przypadkach mo\u017ce uniemo\u017cliwi\u0107 korzystanie ze stron www<\/li>\n<li>W celu zarz\u0105dzania ustawienia cookies wybierz z listy poni\u017cej przegl\u0105dark\u0119 internetow\u0105, kt\u00f3rej u\u017cywasz i<br>post\u0119puj zgodnie z instrukcjami:\n<ul>\n<li><a href=\"https:\/\/support.microsoft.com\/pl-pl\/help\/10607\/microsoft-edge-view-delete-browser-history\">Edge<\/a><\/li>\n<li><a href=\"https:\/\/support.microsoft.com\/pl-pl\/help\/278835\/how-to-delete-cookie-files-in-internet-explorer\">Internet Explorer<\/a><\/li>\n<li><a href=\"http:\/\/support.google.com\/chrome\/bin\/answer.py?hl=pl&amp;answer=95647\">Chrome<\/a><\/li>\n<li><a href=\"http:\/\/support.apple.com\/kb\/PH5042\">Safari<\/a><\/li>\n<li><a href=\"http:\/\/support.mozilla.org\/pl\/kb\/W%C5%82%C4%85czanie%20i%20wy%C5%82%C4%85czanie%20obs%C5%82ugi%20ciasteczek\">Firefox<\/a><\/li>\n<li><a href=\"http:\/\/help.opera.com\/Windows\/12.10\/pl\/cookies.html\">Opera<\/a><\/li>\n<\/ul>\n<p>Urz\u0105dzenia mobilne:<\/p>\n<ul>\n<li><a href=\"http:\/\/support.google.com\/chrome\/bin\/answer.py?hl=pl&amp;answer=95647\">Android<\/a><\/li>\n<li><a href=\"http:\/\/support.apple.com\/kb\/HT1677?viewlocale=pl_PL\">Safari (iOS)<\/a><\/li>\n<li><a href=\"http:\/\/www.windowsphone.com\/pl-pl\/how-to\/wp7\/web\/changing-privacy-and-other-browser-settings\">Windows Phone<\/a><\/li>\n<\/ul>\n<\/li>\n<\/ol>\n<div>&nbsp;<\/div>\t\t\t\t\t\t\t\t<\/div>\n\t\t\t\t\t<\/div>\n\t\t\t\t<\/div>\n\t\t\t\t<\/div>","protected":false},"excerpt":{"rendered":"<p>DOKUMENTACJA Polityka prywatnosci 1. Informacje og\u00f3lne Niniejsza polityka dotyczy Serwisu www, funkcjonuj\u0105cego pod adresem url: https:\/\/poznanski.media\/ Operatorem serwisu oraz Administratorem danych osobowych jest: Dominik Pozna\u0144ski Kapinosa 13, 83-140, Gniew 5932645666 Adres kontaktowy poczty elektronicznej operatora: kontakt@poznanski.media Operator jest Administratorem Twoich danych osobowych w odniesieniu do danych podanych dobrowolnie wSerwisie. Serwis wykorzystuje dane osobowe w nast\u0119puj\u0105cych [&hellip;]<\/p>","protected":false},"author":1,"featured_media":0,"parent":0,"menu_order":0,"comment_status":"closed","ping_status":"closed","template":"","meta":{"_acf_changed":false,"_angie_page":false,"footnotes":""},"class_list":["post-1183","page","type-page","status-publish","hentry"],"acf":[],"yoast_head":"<!-- This site is optimized with the Yoast SEO plugin v26.8 - https:\/\/yoast.com\/product\/yoast-seo-wordpress\/ -->\n<title>Polityka prywatno\u015bci - Pozna\u0144ski Media<\/title>\n<meta name=\"description\" content=\"Polityka prywatno\u015bci Pozna\u0144ski Media. Informacje o przetwarzaniu danych osobowych, plikach cookies oraz zasadach ochrony prywatno\u015bci.\" \/>\n<meta name=\"robots\" content=\"index, follow, max-snippet:-1, max-image-preview:large, max-video-preview:-1\" \/>\n<link rel=\"canonical\" href=\"https:\/\/poznanski.media\/en\/polityka-prywatnosci\/\" \/>\n<meta property=\"og:locale\" content=\"en_GB\" \/>\n<meta property=\"og:type\" content=\"article\" \/>\n<meta property=\"og:title\" content=\"Polityka prywatno\u015bci - Pozna\u0144ski Media\" \/>\n<meta property=\"og:description\" content=\"Polityka prywatno\u015bci Pozna\u0144ski Media. Informacje o przetwarzaniu danych osobowych, plikach cookies oraz zasadach ochrony prywatno\u015bci.\" \/>\n<meta property=\"og:url\" content=\"https:\/\/poznanski.media\/en\/polityka-prywatnosci\/\" \/>\n<meta property=\"og:site_name\" content=\"Pozna\u0144ski Media\" \/>\n<meta property=\"article:publisher\" content=\"https:\/\/www.facebook.com\/poznanskimedia\" \/>\n<meta property=\"article:modified_time\" content=\"2025-12-14T16:25:19+00:00\" \/>\n<meta property=\"og:image\" content=\"https:\/\/poznanski.media\/wp-content\/uploads\/2025\/07\/3-scaled.jpg\" \/>\n\t<meta property=\"og:image:width\" content=\"2560\" \/>\n\t<meta property=\"og:image:height\" content=\"1707\" \/>\n\t<meta property=\"og:image:type\" content=\"image\/jpeg\" \/>\n<meta name=\"twitter:card\" content=\"summary_large_image\" \/>\n<meta name=\"twitter:label1\" content=\"Estimated reading time\" \/>\n\t<meta name=\"twitter:data1\" content=\"7 minutes\" \/>\n<script type=\"application\/ld+json\" class=\"yoast-schema-graph\">{\"@context\":\"https:\/\/schema.org\",\"@graph\":[{\"@type\":\"WebPage\",\"@id\":\"https:\/\/poznanski.media\/polityka-prywatnosci\/\",\"url\":\"https:\/\/poznanski.media\/polityka-prywatnosci\/\",\"name\":\"Polityka prywatno\u015bci - Pozna\u0144ski Media\",\"isPartOf\":{\"@id\":\"https:\/\/poznanski.media\/#website\"},\"datePublished\":\"2025-12-09T14:34:02+00:00\",\"dateModified\":\"2025-12-14T16:25:19+00:00\",\"description\":\"Polityka prywatno\u015bci Pozna\u0144ski Media. Informacje o przetwarzaniu danych osobowych, plikach cookies oraz zasadach ochrony prywatno\u015bci.\",\"breadcrumb\":{\"@id\":\"https:\/\/poznanski.media\/polityka-prywatnosci\/#breadcrumb\"},\"inLanguage\":\"en-GB\",\"potentialAction\":[{\"@type\":\"ReadAction\",\"target\":[\"https:\/\/poznanski.media\/polityka-prywatnosci\/\"]}]},{\"@type\":\"BreadcrumbList\",\"@id\":\"https:\/\/poznanski.media\/polityka-prywatnosci\/#breadcrumb\",\"itemListElement\":[{\"@type\":\"ListItem\",\"position\":1,\"name\":\"Strona g\u0142\u00f3wna\",\"item\":\"https:\/\/poznanski.media\/\"},{\"@type\":\"ListItem\",\"position\":2,\"name\":\"Polityka prywatno\u015bci\"}]},{\"@type\":\"WebSite\",\"@id\":\"https:\/\/poznanski.media\/#website\",\"url\":\"https:\/\/poznanski.media\/\",\"name\":\"Pozna\u0144ski Media\",\"description\":\"Nowoczesne strony i sklepy WordPress, kt\u00f3re przyci\u0105gaj\u0105 klient\u00f3w online\",\"publisher\":{\"@id\":\"https:\/\/poznanski.media\/#organization\"},\"potentialAction\":[{\"@type\":\"SearchAction\",\"target\":{\"@type\":\"EntryPoint\",\"urlTemplate\":\"https:\/\/poznanski.media\/?s={search_term_string}\"},\"query-input\":{\"@type\":\"PropertyValueSpecification\",\"valueRequired\":true,\"valueName\":\"search_term_string\"}}],\"inLanguage\":\"en-GB\"},{\"@type\":\"Organization\",\"@id\":\"https:\/\/poznanski.media\/#organization\",\"name\":\"Pozna\u0144ski Media\",\"url\":\"https:\/\/poznanski.media\/\",\"logo\":{\"@type\":\"ImageObject\",\"inLanguage\":\"en-GB\",\"@id\":\"https:\/\/poznanski.media\/#\/schema\/logo\/image\/\",\"url\":\"https:\/\/poznanski.media\/wp-content\/uploads\/2025\/07\/white.svg\",\"contentUrl\":\"https:\/\/poznanski.media\/wp-content\/uploads\/2025\/07\/white.svg\",\"width\":203,\"height\":17,\"caption\":\"Pozna\u0144ski Media\"},\"image\":{\"@id\":\"https:\/\/poznanski.media\/#\/schema\/logo\/image\/\"},\"sameAs\":[\"https:\/\/www.facebook.com\/poznanskimedia\",\"https:\/\/instagram.com\/poznanski.media\"]}]}<\/script>\n<!-- \/ Yoast SEO plugin. -->","yoast_head_json":{"title":"Polityka prywatno\u015bci - Pozna\u0144ski Media","description":"Polityka prywatno\u015bci Pozna\u0144ski Media. Informacje o przetwarzaniu danych osobowych, plikach cookies oraz zasadach ochrony prywatno\u015bci.","robots":{"index":"index","follow":"follow","max-snippet":"max-snippet:-1","max-image-preview":"max-image-preview:large","max-video-preview":"max-video-preview:-1"},"canonical":"https:\/\/poznanski.media\/en\/polityka-prywatnosci\/","og_locale":"en_GB","og_type":"article","og_title":"Polityka prywatno\u015bci - Pozna\u0144ski Media","og_description":"Polityka prywatno\u015bci Pozna\u0144ski Media. Informacje o przetwarzaniu danych osobowych, plikach cookies oraz zasadach ochrony prywatno\u015bci.","og_url":"https:\/\/poznanski.media\/en\/polityka-prywatnosci\/","og_site_name":"Pozna\u0144ski Media","article_publisher":"https:\/\/www.facebook.com\/poznanskimedia","article_modified_time":"2025-12-14T16:25:19+00:00","og_image":[{"width":2560,"height":1707,"url":"https:\/\/poznanski.media\/wp-content\/uploads\/2025\/07\/3-scaled.jpg","type":"image\/jpeg"}],"twitter_card":"summary_large_image","twitter_misc":{"Estimated reading time":"7 minutes"},"schema":{"@context":"https:\/\/schema.org","@graph":[{"@type":"WebPage","@id":"https:\/\/poznanski.media\/polityka-prywatnosci\/","url":"https:\/\/poznanski.media\/polityka-prywatnosci\/","name":"Polityka prywatno\u015bci - Pozna\u0144ski Media","isPartOf":{"@id":"https:\/\/poznanski.media\/#website"},"datePublished":"2025-12-09T14:34:02+00:00","dateModified":"2025-12-14T16:25:19+00:00","description":"Polityka prywatno\u015bci Pozna\u0144ski Media. Informacje o przetwarzaniu danych osobowych, plikach cookies oraz zasadach ochrony prywatno\u015bci.","breadcrumb":{"@id":"https:\/\/poznanski.media\/polityka-prywatnosci\/#breadcrumb"},"inLanguage":"en-GB","potentialAction":[{"@type":"ReadAction","target":["https:\/\/poznanski.media\/polityka-prywatnosci\/"]}]},{"@type":"BreadcrumbList","@id":"https:\/\/poznanski.media\/polityka-prywatnosci\/#breadcrumb","itemListElement":[{"@type":"ListItem","position":1,"name":"Strona g\u0142\u00f3wna","item":"https:\/\/poznanski.media\/"},{"@type":"ListItem","position":2,"name":"Polityka prywatno\u015bci"}]},{"@type":"WebSite","@id":"https:\/\/poznanski.media\/#website","url":"https:\/\/poznanski.media\/","name":"Pozna\u0144ski Media","description":"Nowoczesne strony i sklepy WordPress, kt\u00f3re przyci\u0105gaj\u0105 klient\u00f3w online","publisher":{"@id":"https:\/\/poznanski.media\/#organization"},"potentialAction":[{"@type":"SearchAction","target":{"@type":"EntryPoint","urlTemplate":"https:\/\/poznanski.media\/?s={search_term_string}"},"query-input":{"@type":"PropertyValueSpecification","valueRequired":true,"valueName":"search_term_string"}}],"inLanguage":"en-GB"},{"@type":"Organization","@id":"https:\/\/poznanski.media\/#organization","name":"Pozna\u0144ski Media","url":"https:\/\/poznanski.media\/","logo":{"@type":"ImageObject","inLanguage":"en-GB","@id":"https:\/\/poznanski.media\/#\/schema\/logo\/image\/","url":"https:\/\/poznanski.media\/wp-content\/uploads\/2025\/07\/white.svg","contentUrl":"https:\/\/poznanski.media\/wp-content\/uploads\/2025\/07\/white.svg","width":203,"height":17,"caption":"Pozna\u0144ski Media"},"image":{"@id":"https:\/\/poznanski.media\/#\/schema\/logo\/image\/"},"sameAs":["https:\/\/www.facebook.com\/poznanskimedia","https:\/\/instagram.com\/poznanski.media"]}]}},"_links":{"self":[{"href":"https:\/\/poznanski.media\/en\/wp-json\/wp\/v2\/pages\/1183","targetHints":{"allow":["GET"]}}],"collection":[{"href":"https:\/\/poznanski.media\/en\/wp-json\/wp\/v2\/pages"}],"about":[{"href":"https:\/\/poznanski.media\/en\/wp-json\/wp\/v2\/types\/page"}],"author":[{"embeddable":true,"href":"https:\/\/poznanski.media\/en\/wp-json\/wp\/v2\/users\/1"}],"replies":[{"embeddable":true,"href":"https:\/\/poznanski.media\/en\/wp-json\/wp\/v2\/comments?post=1183"}],"version-history":[{"count":7,"href":"https:\/\/poznanski.media\/en\/wp-json\/wp\/v2\/pages\/1183\/revisions"}],"predecessor-version":[{"id":1382,"href":"https:\/\/poznanski.media\/en\/wp-json\/wp\/v2\/pages\/1183\/revisions\/1382"}],"wp:attachment":[{"href":"https:\/\/poznanski.media\/en\/wp-json\/wp\/v2\/media?parent=1183"}],"curies":[{"name":"wp","href":"https:\/\/api.w.org\/{rel}","templated":true}]}}