{"id":176,"date":"2025-07-08T16:20:21","date_gmt":"2025-07-08T14:20:21","guid":{"rendered":"https:\/\/poznanski.media\/?page_id=176"},"modified":"2025-12-14T17:15:33","modified_gmt":"2025-12-14T16:15:33","slug":"konsultacja","status":"publish","type":"page","link":"https:\/\/poznanski.media\/en\/konsultacja\/","title":{"rendered":"Konsultacja"},"content":{"rendered":"<div data-elementor-type=\"wp-page\" data-elementor-id=\"176\" class=\"elementor elementor-176\" data-elementor-post-type=\"page\">\n\t\t\t\t<div class=\"elementor-element elementor-element-0670ebb e-flex e-con-boxed e-con e-parent\" data-id=\"0670ebb\" data-element_type=\"container\" data-settings=\"{&quot;jet_parallax_layout_list&quot;:[]}\">\n\t\t\t\t\t<div class=\"e-con-inner\">\n\t\t<div class=\"elementor-element elementor-element-f619910 e-con-full e-flex elementor-invisible e-con e-child\" data-id=\"f619910\" data-element_type=\"container\" data-settings=\"{&quot;jet_parallax_layout_list&quot;:[],&quot;animation&quot;:&quot;fadeInLeft&quot;}\">\n\t\t\t\t<div class=\"elementor-element elementor-element-ad2c4bf elementor-widget elementor-widget-heading\" data-id=\"ad2c4bf\" data-element_type=\"widget\" data-widget_type=\"heading.default\">\n\t\t\t\t\t<h1 class=\"elementor-heading-title elementor-size-default\">Porozmawiajmy o Twojej stronie<\/h1>\t\t\t\t<\/div>\n\t\t\t\t<div class=\"elementor-element elementor-element-a7ee68d inter elementor-widget elementor-widget-text-editor\" data-id=\"a7ee68d\" data-element_type=\"widget\" data-widget_type=\"text-editor.default\">\n\t\t\t\t\t\t\t\t\t<p>Dobra strona to inwestycja, kt\u00f3ra przyci\u0105ga klient\u00f3w i sprzedaje. Podczas darmowej konsultacji poka\u017c\u0119 Ci, jak mo\u017cemy stworzy\u0107 projekt, kt\u00f3ry wyr\u00f3\u017cni Twoj\u0105 firm\u0119 w internecie.<\/p><p>Wype\u0142nij formularz, a odezw\u0119 si\u0119 do Ciebie w ci\u0105gu 24 godzin, aby ustali\u0107 dogodny termin spotkania.<\/p>\t\t\t\t\t\t\t\t<\/div>\n\t\t\t\t<div class=\"elementor-element elementor-element-07fff9e elementor-widget elementor-widget-heading\" data-id=\"07fff9e\" data-element_type=\"widget\" data-widget_type=\"heading.default\">\n\t\t\t\t\t<h2 class=\"elementor-heading-title elementor-size-default\">Co zyskasz?<\/h2>\t\t\t\t<\/div>\n\t\t\t\t<div class=\"elementor-element elementor-element-730ca5b inter elementor-widget elementor-widget-text-editor\" data-id=\"730ca5b\" data-element_type=\"widget\" data-widget_type=\"text-editor.default\">\n\t\t\t\t\t\t\t\t\t<p>\ud83d\udd38 Jasny plan dzia\u0142ania dopasowany do Twoich cel\u00f3w<br data-start=\"217\" data-end=\"220\" \/>\ud83d\udd38 Wst\u0119pn\u0105 wycen\u0119 i plan realizacji<br data-start=\"255\" data-end=\"258\" data-is-only-node=\"\" \/>\ud83d\udd38 Rekomendacje dotycz\u0105ce najlepszych rozwi\u0105za\u0144 technologicznych<br data-start=\"322\" data-end=\"325\" \/>\ud83d\udd38 Pomys\u0142y na usprawnienie obecnej strony lub sklepu<br data-start=\"377\" data-end=\"380\" \/>\ud83d\udd38 Odpowiedzi na wszystkie Twoje pytania \u2013 bez technicznego \u017cargonu<br data-start=\"447\" data-end=\"450\" \/>\ud83d\udd38 Okre\u015blenie realnych termin\u00f3w realizacji<\/p>\t\t\t\t\t\t\t\t<\/div>\n\t\t\t\t<\/div>\n\t\t<div class=\"elementor-element elementor-element-ccb6e07 e-con-full e-flex e-con e-child\" data-id=\"ccb6e07\" data-element_type=\"container\" data-settings=\"{&quot;jet_parallax_layout_list&quot;:[]}\">\n\t\t\t\t<div class=\"elementor-element elementor-element-b1ad91d elementor-widget__width-initial elementor-button-align-stretch elementor-invisible elementor-widget elementor-widget-form\" data-id=\"b1ad91d\" data-element_type=\"widget\" data-settings=\"{&quot;step_next_label&quot;:&quot;Nast\\u0119pny&quot;,&quot;step_previous_label&quot;:&quot;Poprzedni&quot;,&quot;_animation&quot;:&quot;fadeIn&quot;,&quot;button_width&quot;:&quot;100&quot;,&quot;step_type&quot;:&quot;number_text&quot;,&quot;step_icon_shape&quot;:&quot;circle&quot;}\" data-widget_type=\"form.default\">\n\t\t\t\t\t\t\t<form class=\"elementor-form\" method=\"post\" name=\"Nowy formularz\" aria-label=\"Nowy formularz\" action=\"\">\n\t\t\t<input type=\"hidden\" name=\"post_id\" value=\"176\"\/>\n\t\t\t<input type=\"hidden\" name=\"form_id\" value=\"b1ad91d\"\/>\n\t\t\t<input type=\"hidden\" name=\"referer_title\" value=\"Konsultacja - Pozna\u0144ski Media\" \/>\n\n\t\t\t\t\t\t\t<input type=\"hidden\" name=\"queried_id\" value=\"176\"\/>\n\t\t\t\n\t\t\t<div class=\"elementor-form-fields-wrapper elementor-labels-\">\n\t\t\t\t\t\t\t\t<div class=\"elementor-field-type-text elementor-field-group elementor-column elementor-field-group-name elementor-col-100 elementor-field-required\">\n\t\t\t\t\t\t\t\t\t\t\t\t<label for=\"form-field-name\" class=\"elementor-field-label elementor-screen-only\">\n\t\t\t\t\t\t\t\tNazwa\t\t\t\t\t\t\t<\/label>\n\t\t\t\t\t\t\t\t\t\t\t\t\t\t<input size=\"1\" type=\"text\" name=\"form_fields[name]\" id=\"form-field-name\" class=\"elementor-field elementor-size-lg  elementor-field-textual\" placeholder=\"Imi\u0119 i nazwisko*\" required=\"required\">\n\t\t\t\t\t\t\t\t\t\t\t<\/div>\n\t\t\t\t\t\t\t\t<div class=\"elementor-field-type-email elementor-field-group elementor-column elementor-field-group-email elementor-col-100 elementor-field-required\">\n\t\t\t\t\t\t\t\t\t\t\t\t<label for=\"form-field-email\" class=\"elementor-field-label elementor-screen-only\">\n\t\t\t\t\t\t\t\tE-mail\t\t\t\t\t\t\t<\/label>\n\t\t\t\t\t\t\t\t\t\t\t\t\t\t<input size=\"1\" type=\"email\" name=\"form_fields[email]\" id=\"form-field-email\" class=\"elementor-field elementor-size-lg  elementor-field-textual\" placeholder=\"E-mail*\" required=\"required\">\n\t\t\t\t\t\t\t\t\t\t\t<\/div>\n\t\t\t\t\t\t\t\t<div class=\"elementor-field-type-tel elementor-field-group elementor-column elementor-field-group-field_dece699 elementor-col-100 elementor-field-required\">\n\t\t\t\t\t\t\t\t\t\t\t\t<label for=\"form-field-field_dece699\" class=\"elementor-field-label elementor-screen-only\">\n\t\t\t\t\t\t\t\tNumer telefonu\t\t\t\t\t\t\t<\/label>\n\t\t\t\t\t\t\t\t<input size=\"1\" type=\"tel\" name=\"form_fields[field_dece699]\" id=\"form-field-field_dece699\" class=\"elementor-field elementor-size-lg  elementor-field-textual\" placeholder=\"Numer telefonu*\" required=\"required\" pattern=\"[0-9()#&amp;+*-=.]+\" title=\"Akceptowane s\u0105 jedynie cyfry i znaki telefoniczne (#,-,*).\">\n\n\t\t\t\t\t\t<\/div>\n\t\t\t\t\t\t\t\t<div class=\"elementor-field-type-text elementor-field-group elementor-column elementor-field-group-message elementor-col-100 elementor-field-required\">\n\t\t\t\t\t\t\t\t\t\t\t\t<label for=\"form-field-message\" class=\"elementor-field-label elementor-screen-only\">\n\t\t\t\t\t\t\t\tWiadomo\u015b\u0107\t\t\t\t\t\t\t<\/label>\n\t\t\t\t\t\t\t\t\t\t\t\t\t\t<input size=\"1\" type=\"text\" name=\"form_fields[message]\" id=\"form-field-message\" class=\"elementor-field elementor-size-lg  elementor-field-textual\" placeholder=\"Temat rozmowy*\" required=\"required\">\n\t\t\t\t\t\t\t\t\t\t\t<\/div>\n\t\t\t\t\t\t\t\t<div class=\"elementor-field-type-acceptance elementor-field-group elementor-column elementor-field-group-field_454a91a elementor-col-100 elementor-field-required\">\n\t\t\t\t\t\t\t<div class=\"elementor-field-subgroup\">\n\t\t\t<span class=\"elementor-field-option\">\n\t\t\t\t<input type=\"checkbox\" name=\"form_fields[field_454a91a]\" id=\"form-field-field_454a91a\" class=\"elementor-field elementor-size-lg  elementor-acceptance-field\" required=\"required\">\n\t\t\t\t<label for=\"form-field-field_454a91a\">\nWyra\u017casz zgod\u0119 na kontakt telefoniczny w celu obs\u0142ugi niniejszego zg\u0142oszenia.<\/label>\t\t\t<\/span>\n\t\t<\/div>\n\t\t\t\t\t\t<\/div>\n\t\t\t\t\t\t\t\t<div class=\"elementor-field-group elementor-column elementor-field-type-submit elementor-col-100 e-form__buttons\">\n\t\t\t\t\t<button class=\"elementor-button elementor-size-lg\" type=\"submit\">\n\t\t\t\t\t\t<span class=\"elementor-button-content-wrapper\">\n\t\t\t\t\t\t\t\t\t\t\t\t\t\t\t\t\t\t\t\t\t\t<span class=\"elementor-button-text\">Wy\u015blij<\/span>\n\t\t\t\t\t\t\t\t\t\t\t\t\t<\/span>\n\t\t\t\t\t<\/button>\n\t\t\t\t<\/div>\n\t\t\t<\/div>\n\t\t<input type=\"hidden\" name=\"trp-form-language\" value=\"en\"\/><\/form>\n\t\t\t\t\t\t<\/div>\n\t\t\t\t<\/div>\n\t\t\t\t\t<\/div>\n\t\t\t\t<\/div>\n\t\t\t\t<\/div>","protected":false},"excerpt":{"rendered":"<p>Porozmawiajmy o Twojej stronie Dobra strona to inwestycja, kt\u00f3ra przyci\u0105ga klient\u00f3w i sprzedaje. Podczas darmowej konsultacji poka\u017c\u0119 Ci, jak mo\u017cemy stworzy\u0107 projekt, kt\u00f3ry wyr\u00f3\u017cni Twoj\u0105 firm\u0119 w internecie. Wype\u0142nij formularz, a odezw\u0119 si\u0119 do Ciebie w ci\u0105gu 24 godzin, aby ustali\u0107 dogodny termin spotkania. Co zyskasz? \ud83d\udd38 Jasny plan dzia\u0142ania dopasowany do Twoich cel\u00f3w\ud83d\udd38 Wst\u0119pn\u0105 [&hellip;]<\/p>","protected":false},"author":1,"featured_media":0,"parent":0,"menu_order":0,"comment_status":"closed","ping_status":"closed","template":"","meta":{"_acf_changed":false,"_angie_page":false,"footnotes":""},"class_list":["post-176","page","type-page","status-publish","hentry"],"acf":[],"yoast_head":"<!-- This site is optimized with the Yoast SEO plugin v26.8 - https:\/\/yoast.com\/product\/yoast-seo-wordpress\/ -->\n<title>Konsultacja - Pozna\u0144ski Media<\/title>\n<meta name=\"description\" content=\"Darmowa konsultacja w zakresie stron internetowych, WordPress i e-commerce. Pomagam wybra\u0107 najlepsze rozwi\u0105zania dla Twojego biznesu.\" \/>\n<meta name=\"robots\" content=\"index, follow, max-snippet:-1, max-image-preview:large, max-video-preview:-1\" \/>\n<link rel=\"canonical\" href=\"https:\/\/poznanski.media\/en\/konsultacja\/\" \/>\n<meta property=\"og:locale\" content=\"en_GB\" \/>\n<meta property=\"og:type\" content=\"article\" \/>\n<meta property=\"og:title\" content=\"Konsultacja - Pozna\u0144ski Media\" \/>\n<meta property=\"og:description\" content=\"Darmowa konsultacja w zakresie stron internetowych, WordPress i e-commerce. Pomagam wybra\u0107 najlepsze rozwi\u0105zania dla Twojego biznesu.\" \/>\n<meta property=\"og:url\" content=\"https:\/\/poznanski.media\/en\/konsultacja\/\" \/>\n<meta property=\"og:site_name\" content=\"Pozna\u0144ski Media\" \/>\n<meta property=\"article:publisher\" content=\"https:\/\/www.facebook.com\/poznanskimedia\" \/>\n<meta property=\"article:modified_time\" content=\"2025-12-14T16:15:33+00:00\" \/>\n<meta property=\"og:image\" content=\"https:\/\/poznanski.media\/wp-content\/uploads\/2025\/07\/3-scaled.jpg\" \/>\n\t<meta property=\"og:image:width\" content=\"2560\" \/>\n\t<meta property=\"og:image:height\" content=\"1707\" \/>\n\t<meta property=\"og:image:type\" content=\"image\/jpeg\" \/>\n<meta name=\"twitter:card\" content=\"summary_large_image\" \/>\n<meta name=\"twitter:label1\" content=\"Estimated reading time\" \/>\n\t<meta name=\"twitter:data1\" content=\"1 minute\" \/>\n<script type=\"application\/ld+json\" class=\"yoast-schema-graph\">{\"@context\":\"https:\/\/schema.org\",\"@graph\":[{\"@type\":\"WebPage\",\"@id\":\"https:\/\/poznanski.media\/konsultacja\/\",\"url\":\"https:\/\/poznanski.media\/konsultacja\/\",\"name\":\"Konsultacja - Pozna\u0144ski Media\",\"isPartOf\":{\"@id\":\"https:\/\/poznanski.media\/#website\"},\"datePublished\":\"2025-07-08T14:20:21+00:00\",\"dateModified\":\"2025-12-14T16:15:33+00:00\",\"description\":\"Darmowa konsultacja w zakresie stron internetowych, WordPress i e-commerce. Pomagam wybra\u0107 najlepsze rozwi\u0105zania dla Twojego biznesu.\",\"breadcrumb\":{\"@id\":\"https:\/\/poznanski.media\/konsultacja\/#breadcrumb\"},\"inLanguage\":\"en-GB\",\"potentialAction\":[{\"@type\":\"ReadAction\",\"target\":[\"https:\/\/poznanski.media\/konsultacja\/\"]}]},{\"@type\":\"BreadcrumbList\",\"@id\":\"https:\/\/poznanski.media\/konsultacja\/#breadcrumb\",\"itemListElement\":[{\"@type\":\"ListItem\",\"position\":1,\"name\":\"Strona g\u0142\u00f3wna\",\"item\":\"https:\/\/poznanski.media\/\"},{\"@type\":\"ListItem\",\"position\":2,\"name\":\"Konsultacja\"}]},{\"@type\":\"WebSite\",\"@id\":\"https:\/\/poznanski.media\/#website\",\"url\":\"https:\/\/poznanski.media\/\",\"name\":\"Pozna\u0144ski Media\",\"description\":\"Nowoczesne strony i sklepy WordPress, kt\u00f3re przyci\u0105gaj\u0105 klient\u00f3w online\",\"publisher\":{\"@id\":\"https:\/\/poznanski.media\/#organization\"},\"potentialAction\":[{\"@type\":\"SearchAction\",\"target\":{\"@type\":\"EntryPoint\",\"urlTemplate\":\"https:\/\/poznanski.media\/?s={search_term_string}\"},\"query-input\":{\"@type\":\"PropertyValueSpecification\",\"valueRequired\":true,\"valueName\":\"search_term_string\"}}],\"inLanguage\":\"en-GB\"},{\"@type\":\"Organization\",\"@id\":\"https:\/\/poznanski.media\/#organization\",\"name\":\"Pozna\u0144ski Media\",\"url\":\"https:\/\/poznanski.media\/\",\"logo\":{\"@type\":\"ImageObject\",\"inLanguage\":\"en-GB\",\"@id\":\"https:\/\/poznanski.media\/#\/schema\/logo\/image\/\",\"url\":\"https:\/\/poznanski.media\/wp-content\/uploads\/2025\/07\/white.svg\",\"contentUrl\":\"https:\/\/poznanski.media\/wp-content\/uploads\/2025\/07\/white.svg\",\"width\":203,\"height\":17,\"caption\":\"Pozna\u0144ski Media\"},\"image\":{\"@id\":\"https:\/\/poznanski.media\/#\/schema\/logo\/image\/\"},\"sameAs\":[\"https:\/\/www.facebook.com\/poznanskimedia\",\"https:\/\/instagram.com\/poznanski.media\"]}]}<\/script>\n<!-- \/ Yoast SEO plugin. -->","yoast_head_json":{"title":"Konsultacja - Pozna\u0144ski Media","description":"Darmowa konsultacja w zakresie stron internetowych, WordPress i e-commerce. Pomagam wybra\u0107 najlepsze rozwi\u0105zania dla Twojego biznesu.","robots":{"index":"index","follow":"follow","max-snippet":"max-snippet:-1","max-image-preview":"max-image-preview:large","max-video-preview":"max-video-preview:-1"},"canonical":"https:\/\/poznanski.media\/en\/konsultacja\/","og_locale":"en_GB","og_type":"article","og_title":"Konsultacja - Pozna\u0144ski Media","og_description":"Darmowa konsultacja w zakresie stron internetowych, WordPress i e-commerce. Pomagam wybra\u0107 najlepsze rozwi\u0105zania dla Twojego biznesu.","og_url":"https:\/\/poznanski.media\/en\/konsultacja\/","og_site_name":"Pozna\u0144ski Media","article_publisher":"https:\/\/www.facebook.com\/poznanskimedia","article_modified_time":"2025-12-14T16:15:33+00:00","og_image":[{"width":2560,"height":1707,"url":"https:\/\/poznanski.media\/wp-content\/uploads\/2025\/07\/3-scaled.jpg","type":"image\/jpeg"}],"twitter_card":"summary_large_image","twitter_misc":{"Estimated reading time":"1 minute"},"schema":{"@context":"https:\/\/schema.org","@graph":[{"@type":"WebPage","@id":"https:\/\/poznanski.media\/konsultacja\/","url":"https:\/\/poznanski.media\/konsultacja\/","name":"Konsultacja - Pozna\u0144ski Media","isPartOf":{"@id":"https:\/\/poznanski.media\/#website"},"datePublished":"2025-07-08T14:20:21+00:00","dateModified":"2025-12-14T16:15:33+00:00","description":"Darmowa konsultacja w zakresie stron internetowych, WordPress i e-commerce. Pomagam wybra\u0107 najlepsze rozwi\u0105zania dla Twojego biznesu.","breadcrumb":{"@id":"https:\/\/poznanski.media\/konsultacja\/#breadcrumb"},"inLanguage":"en-GB","potentialAction":[{"@type":"ReadAction","target":["https:\/\/poznanski.media\/konsultacja\/"]}]},{"@type":"BreadcrumbList","@id":"https:\/\/poznanski.media\/konsultacja\/#breadcrumb","itemListElement":[{"@type":"ListItem","position":1,"name":"Strona g\u0142\u00f3wna","item":"https:\/\/poznanski.media\/"},{"@type":"ListItem","position":2,"name":"Konsultacja"}]},{"@type":"WebSite","@id":"https:\/\/poznanski.media\/#website","url":"https:\/\/poznanski.media\/","name":"Pozna\u0144ski Media","description":"Nowoczesne strony i sklepy WordPress, kt\u00f3re przyci\u0105gaj\u0105 klient\u00f3w online","publisher":{"@id":"https:\/\/poznanski.media\/#organization"},"potentialAction":[{"@type":"SearchAction","target":{"@type":"EntryPoint","urlTemplate":"https:\/\/poznanski.media\/?s={search_term_string}"},"query-input":{"@type":"PropertyValueSpecification","valueRequired":true,"valueName":"search_term_string"}}],"inLanguage":"en-GB"},{"@type":"Organization","@id":"https:\/\/poznanski.media\/#organization","name":"Pozna\u0144ski Media","url":"https:\/\/poznanski.media\/","logo":{"@type":"ImageObject","inLanguage":"en-GB","@id":"https:\/\/poznanski.media\/#\/schema\/logo\/image\/","url":"https:\/\/poznanski.media\/wp-content\/uploads\/2025\/07\/white.svg","contentUrl":"https:\/\/poznanski.media\/wp-content\/uploads\/2025\/07\/white.svg","width":203,"height":17,"caption":"Pozna\u0144ski Media"},"image":{"@id":"https:\/\/poznanski.media\/#\/schema\/logo\/image\/"},"sameAs":["https:\/\/www.facebook.com\/poznanskimedia","https:\/\/instagram.com\/poznanski.media"]}]}},"_links":{"self":[{"href":"https:\/\/poznanski.media\/en\/wp-json\/wp\/v2\/pages\/176","targetHints":{"allow":["GET"]}}],"collection":[{"href":"https:\/\/poznanski.media\/en\/wp-json\/wp\/v2\/pages"}],"about":[{"href":"https:\/\/poznanski.media\/en\/wp-json\/wp\/v2\/types\/page"}],"author":[{"embeddable":true,"href":"https:\/\/poznanski.media\/en\/wp-json\/wp\/v2\/users\/1"}],"replies":[{"embeddable":true,"href":"https:\/\/poznanski.media\/en\/wp-json\/wp\/v2\/comments?post=176"}],"version-history":[{"count":41,"href":"https:\/\/poznanski.media\/en\/wp-json\/wp\/v2\/pages\/176\/revisions"}],"predecessor-version":[{"id":1383,"href":"https:\/\/poznanski.media\/en\/wp-json\/wp\/v2\/pages\/176\/revisions\/1383"}],"wp:attachment":[{"href":"https:\/\/poznanski.media\/en\/wp-json\/wp\/v2\/media?parent=176"}],"curies":[{"name":"wp","href":"https:\/\/api.w.org\/{rel}","templated":true}]}}