{"id":61,"date":"2025-07-07T18:28:38","date_gmt":"2025-07-07T16:28:38","guid":{"rendered":"https:\/\/poznanski.media\/?page_id=61"},"modified":"2025-12-14T17:24:32","modified_gmt":"2025-12-14T16:24:32","slug":"kontakt","status":"publish","type":"page","link":"https:\/\/poznanski.media\/en\/kontakt\/","title":{"rendered":"Kontakt"},"content":{"rendered":"<div data-elementor-type=\"wp-post\" data-elementor-id=\"61\" class=\"elementor elementor-61\" data-elementor-post-type=\"page\">\n\t\t\t\t<div class=\"elementor-element elementor-element-1d63514 e-flex e-con-boxed e-con e-parent\" data-id=\"1d63514\" data-element_type=\"container\" data-settings=\"{&quot;jet_parallax_layout_list&quot;:[]}\">\n\t\t\t\t\t<div class=\"e-con-inner\">\n\t\t<div class=\"elementor-element elementor-element-24d26e1 e-con-full e-flex elementor-invisible e-con e-child\" data-id=\"24d26e1\" data-element_type=\"container\" data-settings=\"{&quot;jet_parallax_layout_list&quot;:[],&quot;animation&quot;:&quot;fadeInLeft&quot;}\">\n\t\t\t\t<div class=\"elementor-element elementor-element-cfe0735 elementor-widget elementor-widget-heading\" data-id=\"cfe0735\" data-element_type=\"widget\" data-widget_type=\"heading.default\">\n\t\t\t\t\t<h2 class=\"elementor-heading-title elementor-size-default\">zostanmy w kontakcie<\/h2>\t\t\t\t<\/div>\n\t\t\t\t<div class=\"elementor-element elementor-element-9925a21 inter elementor-widget elementor-widget-text-editor\" data-id=\"9925a21\" data-element_type=\"widget\" data-widget_type=\"text-editor.default\">\n\t\t\t\t\t\t\t\t\t<p data-start=\"303\" data-end=\"397\">\u015amia\u0142o \u2013 jestem tu, \u017ceby pom\u00f3c. Wype\u0142nij formularz, <br \/>a odezw\u0119 si\u0119 tak szybko, jak to mo\u017cliwe.<\/p>\t\t\t\t\t\t\t\t<\/div>\n\t\t\t\t<div class=\"elementor-element elementor-element-6db53ea elementor-widget__width-initial elementor-button-align-stretch elementor-widget elementor-widget-form\" data-id=\"6db53ea\" data-element_type=\"widget\" data-settings=\"{&quot;step_next_label&quot;:&quot;Nast\\u0119pny&quot;,&quot;step_previous_label&quot;:&quot;Poprzedni&quot;,&quot;button_width&quot;:&quot;100&quot;,&quot;step_type&quot;:&quot;number_text&quot;,&quot;step_icon_shape&quot;:&quot;circle&quot;}\" data-widget_type=\"form.default\">\n\t\t\t\t\t\t\t<form class=\"elementor-form\" method=\"post\" name=\"Nowy formularz\" aria-label=\"Nowy formularz\" action=\"\">\n\t\t\t<input type=\"hidden\" name=\"post_id\" value=\"61\"\/>\n\t\t\t<input type=\"hidden\" name=\"form_id\" value=\"6db53ea\"\/>\n\t\t\t<input type=\"hidden\" name=\"referer_title\" value=\"Kontakt - Pozna\u0144ski Media\" \/>\n\n\t\t\t\t\t\t\t<input type=\"hidden\" name=\"queried_id\" value=\"61\"\/>\n\t\t\t\n\t\t\t<div class=\"elementor-form-fields-wrapper elementor-labels-\">\n\t\t\t\t\t\t\t\t<div class=\"elementor-field-type-text elementor-field-group elementor-column elementor-field-group-name elementor-col-100 elementor-field-required\">\n\t\t\t\t\t\t\t\t\t\t\t\t<label for=\"form-field-name\" class=\"elementor-field-label elementor-screen-only\">\n\t\t\t\t\t\t\t\tNazwa\t\t\t\t\t\t\t<\/label>\n\t\t\t\t\t\t\t\t\t\t\t\t\t\t<input size=\"1\" type=\"text\" name=\"form_fields[name]\" id=\"form-field-name\" class=\"elementor-field elementor-size-lg  elementor-field-textual\" placeholder=\"Imi\u0119 i nazwisko*\" required=\"required\">\n\t\t\t\t\t\t\t\t\t\t\t<\/div>\n\t\t\t\t\t\t\t\t<div class=\"elementor-field-type-email elementor-field-group elementor-column elementor-field-group-email elementor-col-100 elementor-field-required\">\n\t\t\t\t\t\t\t\t\t\t\t\t<label for=\"form-field-email\" class=\"elementor-field-label elementor-screen-only\">\n\t\t\t\t\t\t\t\tE-mail\t\t\t\t\t\t\t<\/label>\n\t\t\t\t\t\t\t\t\t\t\t\t\t\t<input size=\"1\" type=\"email\" name=\"form_fields[email]\" id=\"form-field-email\" class=\"elementor-field elementor-size-lg  elementor-field-textual\" placeholder=\"E-mail*\" required=\"required\">\n\t\t\t\t\t\t\t\t\t\t\t<\/div>\n\t\t\t\t\t\t\t\t<div class=\"elementor-field-type-textarea elementor-field-group elementor-column elementor-field-group-message elementor-col-100 elementor-field-required\">\n\t\t\t\t\t\t\t\t\t\t\t\t<label for=\"form-field-message\" class=\"elementor-field-label elementor-screen-only\">\n\t\t\t\t\t\t\t\tWiadomo\u015b\u0107\t\t\t\t\t\t\t<\/label>\n\t\t\t\t\t\t<textarea class=\"elementor-field-textual elementor-field  elementor-size-lg\" name=\"form_fields[message]\" id=\"form-field-message\" rows=\"8\" placeholder=\"Wiadomo\u015b\u0107*\" required=\"required\"><\/textarea>\t\t\t\t<\/div>\n\t\t\t\t\t\t\t\t<div class=\"elementor-field-group elementor-column elementor-field-type-submit elementor-col-100 e-form__buttons\">\n\t\t\t\t\t<button class=\"elementor-button elementor-size-lg\" type=\"submit\">\n\t\t\t\t\t\t<span class=\"elementor-button-content-wrapper\">\n\t\t\t\t\t\t\t\t\t\t\t\t\t\t\t\t\t\t\t\t\t\t<span class=\"elementor-button-text\">Wy\u015blij<\/span>\n\t\t\t\t\t\t\t\t\t\t\t\t\t<\/span>\n\t\t\t\t\t<\/button>\n\t\t\t\t<\/div>\n\t\t\t<\/div>\n\t\t<input type=\"hidden\" name=\"trp-form-language\" value=\"en\"\/><\/form>\n\t\t\t\t\t\t<\/div>\n\t\t\t\t<\/div>\n\t\t<div class=\"elementor-element elementor-element-f7aba99 e-con-full elementor-hidden-tablet elementor-hidden-mobile e-flex e-con e-child\" data-id=\"f7aba99\" data-element_type=\"container\" data-settings=\"{&quot;jet_parallax_layout_list&quot;:[]}\">\n\t\t\t\t<div class=\"elementor-element elementor-element-2b4e2ad elementor-invisible elementor-widget elementor-widget-image\" data-id=\"2b4e2ad\" data-element_type=\"widget\" data-settings=\"{&quot;_animation&quot;:&quot;fadeIn&quot;}\" data-widget_type=\"image.default\">\n\t\t\t\t\t\t\t\t\t\t\t\t\t\t\t<img fetchpriority=\"high\" decoding=\"async\" width=\"2143\" height=\"2560\" src=\"https:\/\/poznanski.media\/wp-content\/uploads\/2025\/09\/4S6A0151-scaled.jpg\" class=\"attachment-full size-full wp-image-602\" alt=\"\" srcset=\"https:\/\/poznanski.media\/wp-content\/uploads\/2025\/09\/4S6A0151-scaled.jpg 2143w, https:\/\/poznanski.media\/wp-content\/uploads\/2025\/09\/4S6A0151-251x300.jpg 251w, https:\/\/poznanski.media\/wp-content\/uploads\/2025\/09\/4S6A0151-857x1024.jpg 857w, https:\/\/poznanski.media\/wp-content\/uploads\/2025\/09\/4S6A0151-768x917.jpg 768w, https:\/\/poznanski.media\/wp-content\/uploads\/2025\/09\/4S6A0151-1286x1536.jpg 1286w, https:\/\/poznanski.media\/wp-content\/uploads\/2025\/09\/4S6A0151-1714x2048.jpg 1714w, https:\/\/poznanski.media\/wp-content\/uploads\/2025\/09\/4S6A0151-10x12.jpg 10w\" sizes=\"(max-width: 2143px) 100vw, 2143px\" \/>\t\t\t\t\t\t\t\t\t\t\t\t\t\t\t<\/div>\n\t\t\t\t<\/div>\n\t\t\t\t\t<\/div>\n\t\t\t\t<\/div>\n\t\t\t\t<\/div>","protected":false},"excerpt":{"rendered":"<p>zostanmy w kontakcie \u015amia\u0142o \u2013 jestem tu, \u017ceby pom\u00f3c. Wype\u0142nij formularz, a odezw\u0119 si\u0119 tak szybko, jak to mo\u017cliwe.<\/p>","protected":false},"author":1,"featured_media":0,"parent":0,"menu_order":0,"comment_status":"closed","ping_status":"closed","template":"","meta":{"_acf_changed":false,"_angie_page":false,"footnotes":""},"class_list":["post-61","page","type-page","status-publish","hentry"],"acf":[],"yoast_head":"<!-- This site is optimized with the Yoast SEO plugin v26.8 - https:\/\/yoast.com\/product\/yoast-seo-wordpress\/ -->\n<title>Kontakt - Pozna\u0144ski Media<\/title>\n<meta name=\"description\" content=\"Skontaktuj si\u0119 z Pozna\u0144ski Media. Porozmawiajmy o stronie internetowej, sklepie WordPress lub rozwoju Twojego projektu online.\" \/>\n<meta name=\"robots\" content=\"index, follow, max-snippet:-1, max-image-preview:large, max-video-preview:-1\" \/>\n<link rel=\"canonical\" href=\"https:\/\/poznanski.media\/en\/kontakt\/\" \/>\n<meta property=\"og:locale\" content=\"en_GB\" \/>\n<meta property=\"og:type\" content=\"article\" \/>\n<meta property=\"og:title\" content=\"Kontakt - Pozna\u0144ski Media\" \/>\n<meta property=\"og:description\" content=\"Skontaktuj si\u0119 z Pozna\u0144ski Media. Porozmawiajmy o stronie internetowej, sklepie WordPress lub rozwoju Twojego projektu online.\" \/>\n<meta property=\"og:url\" content=\"https:\/\/poznanski.media\/en\/kontakt\/\" \/>\n<meta property=\"og:site_name\" content=\"Pozna\u0144ski Media\" \/>\n<meta property=\"article:publisher\" content=\"https:\/\/www.facebook.com\/poznanskimedia\" \/>\n<meta property=\"article:modified_time\" content=\"2025-12-14T16:24:32+00:00\" \/>\n<meta property=\"og:image\" content=\"https:\/\/poznanski.media\/wp-content\/uploads\/2025\/09\/4S6A0151-scaled.jpg\" \/>\n<meta name=\"twitter:card\" content=\"summary_large_image\" \/>\n<meta name=\"twitter:label1\" content=\"Estimated reading time\" \/>\n\t<meta name=\"twitter:data1\" content=\"1 minute\" \/>\n<script type=\"application\/ld+json\" class=\"yoast-schema-graph\">{\"@context\":\"https:\/\/schema.org\",\"@graph\":[{\"@type\":\"WebPage\",\"@id\":\"https:\/\/poznanski.media\/kontakt\/\",\"url\":\"https:\/\/poznanski.media\/kontakt\/\",\"name\":\"Kontakt - Pozna\u0144ski Media\",\"isPartOf\":{\"@id\":\"https:\/\/poznanski.media\/#website\"},\"primaryImageOfPage\":{\"@id\":\"https:\/\/poznanski.media\/kontakt\/#primaryimage\"},\"image\":{\"@id\":\"https:\/\/poznanski.media\/kontakt\/#primaryimage\"},\"thumbnailUrl\":\"https:\/\/poznanski.media\/wp-content\/uploads\/2025\/09\/4S6A0151-scaled.jpg\",\"datePublished\":\"2025-07-07T16:28:38+00:00\",\"dateModified\":\"2025-12-14T16:24:32+00:00\",\"description\":\"Skontaktuj si\u0119 z Pozna\u0144ski Media. Porozmawiajmy o stronie internetowej, sklepie WordPress lub rozwoju Twojego projektu online.\",\"breadcrumb\":{\"@id\":\"https:\/\/poznanski.media\/kontakt\/#breadcrumb\"},\"inLanguage\":\"en-GB\",\"potentialAction\":[{\"@type\":\"ReadAction\",\"target\":[\"https:\/\/poznanski.media\/kontakt\/\"]}]},{\"@type\":\"ImageObject\",\"inLanguage\":\"en-GB\",\"@id\":\"https:\/\/poznanski.media\/kontakt\/#primaryimage\",\"url\":\"https:\/\/poznanski.media\/wp-content\/uploads\/2025\/09\/4S6A0151-scaled.jpg\",\"contentUrl\":\"https:\/\/poznanski.media\/wp-content\/uploads\/2025\/09\/4S6A0151-scaled.jpg\"},{\"@type\":\"BreadcrumbList\",\"@id\":\"https:\/\/poznanski.media\/kontakt\/#breadcrumb\",\"itemListElement\":[{\"@type\":\"ListItem\",\"position\":1,\"name\":\"Strona g\u0142\u00f3wna\",\"item\":\"https:\/\/poznanski.media\/\"},{\"@type\":\"ListItem\",\"position\":2,\"name\":\"Kontakt\"}]},{\"@type\":\"WebSite\",\"@id\":\"https:\/\/poznanski.media\/#website\",\"url\":\"https:\/\/poznanski.media\/\",\"name\":\"Pozna\u0144ski Media\",\"description\":\"Nowoczesne strony i sklepy WordPress, kt\u00f3re przyci\u0105gaj\u0105 klient\u00f3w online\",\"publisher\":{\"@id\":\"https:\/\/poznanski.media\/#organization\"},\"potentialAction\":[{\"@type\":\"SearchAction\",\"target\":{\"@type\":\"EntryPoint\",\"urlTemplate\":\"https:\/\/poznanski.media\/?s={search_term_string}\"},\"query-input\":{\"@type\":\"PropertyValueSpecification\",\"valueRequired\":true,\"valueName\":\"search_term_string\"}}],\"inLanguage\":\"en-GB\"},{\"@type\":\"Organization\",\"@id\":\"https:\/\/poznanski.media\/#organization\",\"name\":\"Pozna\u0144ski Media\",\"url\":\"https:\/\/poznanski.media\/\",\"logo\":{\"@type\":\"ImageObject\",\"inLanguage\":\"en-GB\",\"@id\":\"https:\/\/poznanski.media\/#\/schema\/logo\/image\/\",\"url\":\"https:\/\/poznanski.media\/wp-content\/uploads\/2025\/07\/white.svg\",\"contentUrl\":\"https:\/\/poznanski.media\/wp-content\/uploads\/2025\/07\/white.svg\",\"width\":203,\"height\":17,\"caption\":\"Pozna\u0144ski Media\"},\"image\":{\"@id\":\"https:\/\/poznanski.media\/#\/schema\/logo\/image\/\"},\"sameAs\":[\"https:\/\/www.facebook.com\/poznanskimedia\",\"https:\/\/instagram.com\/poznanski.media\"]}]}<\/script>\n<!-- \/ Yoast SEO plugin. -->","yoast_head_json":{"title":"Kontakt - Pozna\u0144ski Media","description":"Skontaktuj si\u0119 z Pozna\u0144ski Media. Porozmawiajmy o stronie internetowej, sklepie WordPress lub rozwoju Twojego projektu online.","robots":{"index":"index","follow":"follow","max-snippet":"max-snippet:-1","max-image-preview":"max-image-preview:large","max-video-preview":"max-video-preview:-1"},"canonical":"https:\/\/poznanski.media\/en\/kontakt\/","og_locale":"en_GB","og_type":"article","og_title":"Kontakt - Pozna\u0144ski Media","og_description":"Skontaktuj si\u0119 z Pozna\u0144ski Media. Porozmawiajmy o stronie internetowej, sklepie WordPress lub rozwoju Twojego projektu online.","og_url":"https:\/\/poznanski.media\/en\/kontakt\/","og_site_name":"Pozna\u0144ski Media","article_publisher":"https:\/\/www.facebook.com\/poznanskimedia","article_modified_time":"2025-12-14T16:24:32+00:00","og_image":[{"url":"https:\/\/poznanski.media\/wp-content\/uploads\/2025\/09\/4S6A0151-scaled.jpg","type":"","width":"","height":""}],"twitter_card":"summary_large_image","twitter_misc":{"Estimated reading time":"1 minute"},"schema":{"@context":"https:\/\/schema.org","@graph":[{"@type":"WebPage","@id":"https:\/\/poznanski.media\/kontakt\/","url":"https:\/\/poznanski.media\/kontakt\/","name":"Kontakt - Pozna\u0144ski Media","isPartOf":{"@id":"https:\/\/poznanski.media\/#website"},"primaryImageOfPage":{"@id":"https:\/\/poznanski.media\/kontakt\/#primaryimage"},"image":{"@id":"https:\/\/poznanski.media\/kontakt\/#primaryimage"},"thumbnailUrl":"https:\/\/poznanski.media\/wp-content\/uploads\/2025\/09\/4S6A0151-scaled.jpg","datePublished":"2025-07-07T16:28:38+00:00","dateModified":"2025-12-14T16:24:32+00:00","description":"Skontaktuj si\u0119 z Pozna\u0144ski Media. Porozmawiajmy o stronie internetowej, sklepie WordPress lub rozwoju Twojego projektu online.","breadcrumb":{"@id":"https:\/\/poznanski.media\/kontakt\/#breadcrumb"},"inLanguage":"en-GB","potentialAction":[{"@type":"ReadAction","target":["https:\/\/poznanski.media\/kontakt\/"]}]},{"@type":"ImageObject","inLanguage":"en-GB","@id":"https:\/\/poznanski.media\/kontakt\/#primaryimage","url":"https:\/\/poznanski.media\/wp-content\/uploads\/2025\/09\/4S6A0151-scaled.jpg","contentUrl":"https:\/\/poznanski.media\/wp-content\/uploads\/2025\/09\/4S6A0151-scaled.jpg"},{"@type":"BreadcrumbList","@id":"https:\/\/poznanski.media\/kontakt\/#breadcrumb","itemListElement":[{"@type":"ListItem","position":1,"name":"Strona g\u0142\u00f3wna","item":"https:\/\/poznanski.media\/"},{"@type":"ListItem","position":2,"name":"Kontakt"}]},{"@type":"WebSite","@id":"https:\/\/poznanski.media\/#website","url":"https:\/\/poznanski.media\/","name":"Pozna\u0144ski Media","description":"Nowoczesne strony i sklepy WordPress, kt\u00f3re przyci\u0105gaj\u0105 klient\u00f3w online","publisher":{"@id":"https:\/\/poznanski.media\/#organization"},"potentialAction":[{"@type":"SearchAction","target":{"@type":"EntryPoint","urlTemplate":"https:\/\/poznanski.media\/?s={search_term_string}"},"query-input":{"@type":"PropertyValueSpecification","valueRequired":true,"valueName":"search_term_string"}}],"inLanguage":"en-GB"},{"@type":"Organization","@id":"https:\/\/poznanski.media\/#organization","name":"Pozna\u0144ski Media","url":"https:\/\/poznanski.media\/","logo":{"@type":"ImageObject","inLanguage":"en-GB","@id":"https:\/\/poznanski.media\/#\/schema\/logo\/image\/","url":"https:\/\/poznanski.media\/wp-content\/uploads\/2025\/07\/white.svg","contentUrl":"https:\/\/poznanski.media\/wp-content\/uploads\/2025\/07\/white.svg","width":203,"height":17,"caption":"Pozna\u0144ski Media"},"image":{"@id":"https:\/\/poznanski.media\/#\/schema\/logo\/image\/"},"sameAs":["https:\/\/www.facebook.com\/poznanskimedia","https:\/\/instagram.com\/poznanski.media"]}]}},"_links":{"self":[{"href":"https:\/\/poznanski.media\/en\/wp-json\/wp\/v2\/pages\/61","targetHints":{"allow":["GET"]}}],"collection":[{"href":"https:\/\/poznanski.media\/en\/wp-json\/wp\/v2\/pages"}],"about":[{"href":"https:\/\/poznanski.media\/en\/wp-json\/wp\/v2\/types\/page"}],"author":[{"embeddable":true,"href":"https:\/\/poznanski.media\/en\/wp-json\/wp\/v2\/users\/1"}],"replies":[{"embeddable":true,"href":"https:\/\/poznanski.media\/en\/wp-json\/wp\/v2\/comments?post=61"}],"version-history":[{"count":42,"href":"https:\/\/poznanski.media\/en\/wp-json\/wp\/v2\/pages\/61\/revisions"}],"predecessor-version":[{"id":1384,"href":"https:\/\/poznanski.media\/en\/wp-json\/wp\/v2\/pages\/61\/revisions\/1384"}],"wp:attachment":[{"href":"https:\/\/poznanski.media\/en\/wp-json\/wp\/v2\/media?parent=61"}],"curies":[{"name":"wp","href":"https:\/\/api.w.org\/{rel}","templated":true}]}}