{"id":72,"date":"2025-07-07T18:29:16","date_gmt":"2025-07-07T16:29:16","guid":{"rendered":"https:\/\/poznanski.media\/?page_id=72"},"modified":"2025-12-14T17:19:44","modified_gmt":"2025-12-14T16:19:44","slug":"uslugi","status":"publish","type":"page","link":"https:\/\/poznanski.media\/en\/uslugi\/","title":{"rendered":"Us\u0142ugi"},"content":{"rendered":"<div data-elementor-type=\"wp-page\" data-elementor-id=\"72\" class=\"elementor elementor-72\" data-elementor-post-type=\"page\">\n\t\t\t\t<div class=\"elementor-element elementor-element-e9c667e e-flex e-con-boxed elementor-invisible e-con e-parent\" data-id=\"e9c667e\" data-element_type=\"container\" data-settings=\"{&quot;jet_parallax_layout_list&quot;:[],&quot;animation&quot;:&quot;fadeInLeft&quot;}\">\n\t\t\t\t\t<div class=\"e-con-inner\">\n\t\t\t\t<div class=\"elementor-element elementor-element-85ff35b elementor-widget elementor-widget-heading\" data-id=\"85ff35b\" data-element_type=\"widget\" data-widget_type=\"heading.default\">\n\t\t\t\t\t<p class=\"elementor-heading-title elementor-size-default\">us\u0142ugi<\/p>\t\t\t\t<\/div>\n\t\t\t\t<div class=\"elementor-element elementor-element-1eb1bea elementor-widget__width-initial elementor-widget elementor-widget-heading\" data-id=\"1eb1bea\" data-element_type=\"widget\" data-widget_type=\"heading.default\">\n\t\t\t\t\t<h1 class=\"elementor-heading-title elementor-size-default\">zobacz co moge<br>dla ciebie zrobic<\/h1>\t\t\t\t<\/div>\n\t\t\t\t\t<\/div>\n\t\t\t\t<\/div>\n\t\t<div class=\"elementor-element elementor-element-1a229d4 e-flex e-con-boxed elementor-invisible e-con e-parent\" data-id=\"1a229d4\" data-element_type=\"container\" data-settings=\"{&quot;jet_parallax_layout_list&quot;:[],&quot;animation&quot;:&quot;fadeInUp&quot;}\">\n\t\t\t\t\t<div class=\"e-con-inner\">\n\t\t<div class=\"elementor-element elementor-element-18ab9ab e-con-full e-flex e-con e-child\" data-id=\"18ab9ab\" data-element_type=\"container\" data-settings=\"{&quot;jet_parallax_layout_list&quot;:[]}\">\n\t\t<div class=\"elementor-element elementor-element-a44678f e-con-full e-flex e-con e-child\" data-id=\"a44678f\" data-element_type=\"container\" data-settings=\"{&quot;jet_parallax_layout_list&quot;:[]}\">\n\t\t\t\t<div class=\"elementor-element elementor-element-f15d54e elementor-widget elementor-widget-image\" data-id=\"f15d54e\" data-element_type=\"widget\" data-widget_type=\"image.default\">\n\t\t\t\t\t\t\t\t\t\t\t\t\t\t\t\t<a href=\"https:\/\/poznanski.media\/en\/uslugi\/strony-internetowe\/\">\n\t\t\t\t\t\t\t<img fetchpriority=\"high\" decoding=\"async\" width=\"800\" height=\"600\" src=\"https:\/\/poznanski.media\/wp-content\/uploads\/2025\/07\/bsope-1-1024x768.png\" class=\"elementor-animation-grow attachment-large size-large wp-image-885\" alt=\"\" srcset=\"https:\/\/poznanski.media\/wp-content\/uploads\/2025\/07\/bsope-1-1024x768.png 1024w, https:\/\/poznanski.media\/wp-content\/uploads\/2025\/07\/bsope-1-300x225.png 300w, https:\/\/poznanski.media\/wp-content\/uploads\/2025\/07\/bsope-1-768x576.png 768w, https:\/\/poznanski.media\/wp-content\/uploads\/2025\/07\/bsope-1-16x12.png 16w, https:\/\/poznanski.media\/wp-content\/uploads\/2025\/07\/bsope-1.png 1200w\" sizes=\"(max-width: 800px) 100vw, 800px\" \/>\t\t\t\t\t\t\t\t<\/a>\n\t\t\t\t\t\t\t\t\t\t\t\t\t\t\t<\/div>\n\t\t\t\t<\/div>\n\t\t<div class=\"elementor-element elementor-element-307ef74 e-con-full e-flex e-con e-child\" data-id=\"307ef74\" data-element_type=\"container\" data-settings=\"{&quot;jet_parallax_layout_list&quot;:[]}\">\n\t\t\t\t<div class=\"elementor-element elementor-element-0fbadfd elementor-widget__width-initial inter elementor-widget elementor-widget-heading\" data-id=\"0fbadfd\" data-element_type=\"widget\" data-widget_type=\"heading.default\">\n\t\t\t\t\t<h2 class=\"elementor-heading-title elementor-size-default\"><a href=\"https:\/\/poznanski.media\/en\/uslugi\/strony-internetowe\/\">STRONY INTERNETOWE<\/a><\/h2>\t\t\t\t<\/div>\n\t\t\t\t<div class=\"elementor-element elementor-element-324f381 elementor-widget__width-initial elementor-view-default elementor-widget elementor-widget-icon\" data-id=\"324f381\" data-element_type=\"widget\" data-widget_type=\"icon.default\">\n\t\t\t\t\t\t\t<div class=\"elementor-icon-wrapper\">\n\t\t\t<a class=\"elementor-icon\" href=\"https:\/\/poznanski.media\/en\/uslugi\/strony-internetowe\/\">\n\t\t\t<svg xmlns=\"http:\/\/www.w3.org\/2000\/svg\" width=\"16\" height=\"16\" viewbox=\"0 0 16 16\" fill=\"none\"><path d=\"M3.7576 0.178925L15.0046 0.181861C15.1677 0.167422 15.3347 0.206232 15.4773 0.298292C15.4808 0.301742 15.4845 0.304125 15.4881 0.30654C15.5088 0.319243 15.5288 0.334178 15.5483 0.350244C15.5597 0.360164 15.5706 0.369661 15.5813 0.379465C15.588 0.385432 15.5948 0.391938 15.6014 0.398594L15.6206 0.418229C15.635 0.433611 15.6489 0.449603 15.662 0.466165L15.6014 0.398594C15.6329 0.430112 15.6611 0.463737 15.6858 0.499016C15.6989 0.516201 15.711 0.534894 15.7222 0.554133C15.728 0.566435 15.7342 0.577837 15.74 0.589359C15.7781 0.660064 15.804 0.738591 15.8162 0.821541L15.8243 0.932373L15.8211 12.2428C15.821 12.6571 15.4851 12.9928 15.0709 12.9926C14.6943 12.9925 14.3827 12.7149 14.3292 12.3533L14.3211 12.2424L14.323 2.73692L1.45929 15.6014C1.16639 15.8943 0.691518 15.8943 0.398625 15.6014C0.13014 15.3329 0.107766 14.9115 0.331504 14.6175L0.398625 14.5407L13.257 1.68092L3.75717 1.67892C3.38061 1.67882 3.06895 1.40122 3.01548 1.03954L3.00738 0.92871C3.00749 0.552153 3.28509 0.24049 3.64676 0.187025L3.7576 0.178925Z\" fill=\"white\"><\/path><\/svg>\t\t\t<\/a>\n\t\t<\/div>\n\t\t\t\t\t\t<\/div>\n\t\t\t\t<\/div>\n\t\t\t\t<\/div>\n\t\t<div class=\"elementor-element elementor-element-c94be15 e-con-full e-flex e-con e-child\" data-id=\"c94be15\" data-element_type=\"container\" data-settings=\"{&quot;jet_parallax_layout_list&quot;:[]}\">\n\t\t<div class=\"elementor-element elementor-element-af104f8 e-con-full e-flex e-con e-child\" data-id=\"af104f8\" data-element_type=\"container\" data-settings=\"{&quot;jet_parallax_layout_list&quot;:[]}\">\n\t\t\t\t<div class=\"elementor-element elementor-element-ccd80f5 elementor-widget elementor-widget-image\" data-id=\"ccd80f5\" data-element_type=\"widget\" data-widget_type=\"image.default\">\n\t\t\t\t\t\t\t\t\t\t\t\t\t\t\t\t<a href=\"https:\/\/poznanski.media\/en\/uslugi\/sklepy-internetowe\/\">\n\t\t\t\t\t\t\t<img decoding=\"async\" width=\"800\" height=\"600\" src=\"https:\/\/poznanski.media\/wp-content\/uploads\/2025\/09\/MacBook-Pro-mockup-on-concrete-floor-1024x768.png\" class=\"elementor-animation-grow attachment-large size-large wp-image-902\" alt=\"\" srcset=\"https:\/\/poznanski.media\/wp-content\/uploads\/2025\/09\/MacBook-Pro-mockup-on-concrete-floor-1024x768.png 1024w, https:\/\/poznanski.media\/wp-content\/uploads\/2025\/09\/MacBook-Pro-mockup-on-concrete-floor-300x225.png 300w, https:\/\/poznanski.media\/wp-content\/uploads\/2025\/09\/MacBook-Pro-mockup-on-concrete-floor-768x576.png 768w, https:\/\/poznanski.media\/wp-content\/uploads\/2025\/09\/MacBook-Pro-mockup-on-concrete-floor-16x12.png 16w, https:\/\/poznanski.media\/wp-content\/uploads\/2025\/09\/MacBook-Pro-mockup-on-concrete-floor.png 1200w\" sizes=\"(max-width: 800px) 100vw, 800px\" \/>\t\t\t\t\t\t\t\t<\/a>\n\t\t\t\t\t\t\t\t\t\t\t\t\t\t\t<\/div>\n\t\t\t\t<\/div>\n\t\t<div class=\"elementor-element elementor-element-43e8684 e-con-full e-flex e-con e-child\" data-id=\"43e8684\" data-element_type=\"container\" data-settings=\"{&quot;jet_parallax_layout_list&quot;:[]}\">\n\t\t\t\t<div class=\"elementor-element elementor-element-161b413 elementor-widget__width-initial inter elementor-widget elementor-widget-heading\" data-id=\"161b413\" data-element_type=\"widget\" data-widget_type=\"heading.default\">\n\t\t\t\t\t<h2 class=\"elementor-heading-title elementor-size-default\"><a href=\"https:\/\/poznanski.media\/en\/uslugi\/sklepy-internetowe\/\">SKLEPY INTERNETOWE<\/a><\/h2>\t\t\t\t<\/div>\n\t\t\t\t<div class=\"elementor-element elementor-element-32e2f0c elementor-widget__width-initial elementor-view-default elementor-widget elementor-widget-icon\" data-id=\"32e2f0c\" data-element_type=\"widget\" data-widget_type=\"icon.default\">\n\t\t\t\t\t\t\t<div class=\"elementor-icon-wrapper\">\n\t\t\t<a class=\"elementor-icon\" href=\"https:\/\/poznanski.media\/en\/uslugi\/sklepy-internetowe\/\">\n\t\t\t<svg xmlns=\"http:\/\/www.w3.org\/2000\/svg\" width=\"16\" height=\"16\" viewbox=\"0 0 16 16\" fill=\"none\"><path d=\"M3.7576 0.178925L15.0046 0.181861C15.1677 0.167422 15.3347 0.206232 15.4773 0.298292C15.4808 0.301742 15.4845 0.304125 15.4881 0.30654C15.5088 0.319243 15.5288 0.334178 15.5483 0.350244C15.5597 0.360164 15.5706 0.369661 15.5813 0.379465C15.588 0.385432 15.5948 0.391938 15.6014 0.398594L15.6206 0.418229C15.635 0.433611 15.6489 0.449603 15.662 0.466165L15.6014 0.398594C15.6329 0.430112 15.6611 0.463737 15.6858 0.499016C15.6989 0.516201 15.711 0.534894 15.7222 0.554133C15.728 0.566435 15.7342 0.577837 15.74 0.589359C15.7781 0.660064 15.804 0.738591 15.8162 0.821541L15.8243 0.932373L15.8211 12.2428C15.821 12.6571 15.4851 12.9928 15.0709 12.9926C14.6943 12.9925 14.3827 12.7149 14.3292 12.3533L14.3211 12.2424L14.323 2.73692L1.45929 15.6014C1.16639 15.8943 0.691518 15.8943 0.398625 15.6014C0.13014 15.3329 0.107766 14.9115 0.331504 14.6175L0.398625 14.5407L13.257 1.68092L3.75717 1.67892C3.38061 1.67882 3.06895 1.40122 3.01548 1.03954L3.00738 0.92871C3.00749 0.552153 3.28509 0.24049 3.64676 0.187025L3.7576 0.178925Z\" fill=\"white\"><\/path><\/svg>\t\t\t<\/a>\n\t\t<\/div>\n\t\t\t\t\t\t<\/div>\n\t\t\t\t<\/div>\n\t\t\t\t<\/div>\n\t\t<div class=\"elementor-element elementor-element-faf75ba e-con-full e-flex e-con e-child\" data-id=\"faf75ba\" data-element_type=\"container\" data-settings=\"{&quot;jet_parallax_layout_list&quot;:[]}\">\n\t\t<div class=\"elementor-element elementor-element-eaf9381 e-con-full e-flex e-con e-child\" data-id=\"eaf9381\" data-element_type=\"container\" data-settings=\"{&quot;jet_parallax_layout_list&quot;:[]}\">\n\t\t\t\t<div class=\"elementor-element elementor-element-9403830 elementor-widget elementor-widget-image\" data-id=\"9403830\" data-element_type=\"widget\" data-widget_type=\"image.default\">\n\t\t\t\t\t\t\t\t\t\t\t\t\t\t\t\t<a href=\"https:\/\/poznanski.media\/en\/uslugi\/opieka-i-rozwoj\/\">\n\t\t\t\t\t\t\t<img decoding=\"async\" width=\"800\" height=\"600\" src=\"https:\/\/poznanski.media\/wp-content\/uploads\/2025\/08\/iPhone-16-mockup-on-a-grey-chair-3-1024x768.png\" class=\"elementor-animation-grow attachment-large size-large wp-image-912\" alt=\"\" srcset=\"https:\/\/poznanski.media\/wp-content\/uploads\/2025\/08\/iPhone-16-mockup-on-a-grey-chair-3-1024x768.png 1024w, https:\/\/poznanski.media\/wp-content\/uploads\/2025\/08\/iPhone-16-mockup-on-a-grey-chair-3-300x225.png 300w, https:\/\/poznanski.media\/wp-content\/uploads\/2025\/08\/iPhone-16-mockup-on-a-grey-chair-3-768x576.png 768w, https:\/\/poznanski.media\/wp-content\/uploads\/2025\/08\/iPhone-16-mockup-on-a-grey-chair-3-16x12.png 16w, https:\/\/poznanski.media\/wp-content\/uploads\/2025\/08\/iPhone-16-mockup-on-a-grey-chair-3.png 1200w\" sizes=\"(max-width: 800px) 100vw, 800px\" \/>\t\t\t\t\t\t\t\t<\/a>\n\t\t\t\t\t\t\t\t\t\t\t\t\t\t\t<\/div>\n\t\t\t\t<\/div>\n\t\t<div class=\"elementor-element elementor-element-625a923 e-con-full e-flex e-con e-child\" data-id=\"625a923\" data-element_type=\"container\" data-settings=\"{&quot;jet_parallax_layout_list&quot;:[]}\">\n\t\t\t\t<div class=\"elementor-element elementor-element-045187e elementor-widget__width-initial inter elementor-widget elementor-widget-heading\" data-id=\"045187e\" data-element_type=\"widget\" data-widget_type=\"heading.default\">\n\t\t\t\t\t<h2 class=\"elementor-heading-title elementor-size-default\"><a href=\"https:\/\/poznanski.media\/en\/uslugi\/opieka-i-rozwoj\/\">OPIEKA I ROZW\u00d3J<\/a><\/h2>\t\t\t\t<\/div>\n\t\t\t\t<div class=\"elementor-element elementor-element-8032dbc elementor-widget__width-initial elementor-view-default elementor-widget elementor-widget-icon\" data-id=\"8032dbc\" data-element_type=\"widget\" data-widget_type=\"icon.default\">\n\t\t\t\t\t\t\t<div class=\"elementor-icon-wrapper\">\n\t\t\t<a class=\"elementor-icon\" href=\"https:\/\/poznanski.media\/en\/uslugi\/opieka-i-rozwoj\/\">\n\t\t\t<svg xmlns=\"http:\/\/www.w3.org\/2000\/svg\" width=\"16\" height=\"16\" viewbox=\"0 0 16 16\" fill=\"none\"><path d=\"M3.7576 0.178925L15.0046 0.181861C15.1677 0.167422 15.3347 0.206232 15.4773 0.298292C15.4808 0.301742 15.4845 0.304125 15.4881 0.30654C15.5088 0.319243 15.5288 0.334178 15.5483 0.350244C15.5597 0.360164 15.5706 0.369661 15.5813 0.379465C15.588 0.385432 15.5948 0.391938 15.6014 0.398594L15.6206 0.418229C15.635 0.433611 15.6489 0.449603 15.662 0.466165L15.6014 0.398594C15.6329 0.430112 15.6611 0.463737 15.6858 0.499016C15.6989 0.516201 15.711 0.534894 15.7222 0.554133C15.728 0.566435 15.7342 0.577837 15.74 0.589359C15.7781 0.660064 15.804 0.738591 15.8162 0.821541L15.8243 0.932373L15.8211 12.2428C15.821 12.6571 15.4851 12.9928 15.0709 12.9926C14.6943 12.9925 14.3827 12.7149 14.3292 12.3533L14.3211 12.2424L14.323 2.73692L1.45929 15.6014C1.16639 15.8943 0.691518 15.8943 0.398625 15.6014C0.13014 15.3329 0.107766 14.9115 0.331504 14.6175L0.398625 14.5407L13.257 1.68092L3.75717 1.67892C3.38061 1.67882 3.06895 1.40122 3.01548 1.03954L3.00738 0.92871C3.00749 0.552153 3.28509 0.24049 3.64676 0.187025L3.7576 0.178925Z\" fill=\"white\"><\/path><\/svg>\t\t\t<\/a>\n\t\t<\/div>\n\t\t\t\t\t\t<\/div>\n\t\t\t\t<\/div>\n\t\t\t\t<\/div>\n\t\t\t\t\t<\/div>\n\t\t\t\t<\/div>\n\t\t\t\t<\/div>","protected":false},"excerpt":{"rendered":"<p>us\u0142ugi zobacz co mogedla ciebie zrobic STRONY INTERNETOWE SKLEPY INTERNETOWE OPIEKA I ROZW\u00d3J<\/p>","protected":false},"author":1,"featured_media":0,"parent":0,"menu_order":0,"comment_status":"closed","ping_status":"closed","template":"","meta":{"_acf_changed":false,"_angie_page":false,"footnotes":""},"class_list":["post-72","page","type-page","status-publish","hentry"],"acf":[],"yoast_head":"<!-- This site is optimized with the Yoast SEO plugin v26.8 - https:\/\/yoast.com\/product\/yoast-seo-wordpress\/ -->\n<title>Us\u0142ugi - Pozna\u0144ski Media<\/title>\n<meta name=\"description\" content=\"Us\u0142ugi Pozna\u0144ski Media - tworzenie nowoczesnych stron internetowych i sklep\u00f3w WordPress oraz wsparcie techniczne dla firm.\" \/>\n<meta name=\"robots\" content=\"index, follow, max-snippet:-1, max-image-preview:large, max-video-preview:-1\" \/>\n<link rel=\"canonical\" href=\"https:\/\/poznanski.media\/en\/uslugi\/\" \/>\n<meta property=\"og:locale\" content=\"en_GB\" \/>\n<meta property=\"og:type\" content=\"article\" \/>\n<meta property=\"og:title\" content=\"Us\u0142ugi - Pozna\u0144ski Media\" \/>\n<meta property=\"og:description\" content=\"Us\u0142ugi Pozna\u0144ski Media - tworzenie nowoczesnych stron internetowych i sklep\u00f3w WordPress oraz wsparcie techniczne dla firm.\" \/>\n<meta property=\"og:url\" content=\"https:\/\/poznanski.media\/en\/uslugi\/\" \/>\n<meta property=\"og:site_name\" content=\"Pozna\u0144ski Media\" \/>\n<meta property=\"article:publisher\" content=\"https:\/\/www.facebook.com\/poznanskimedia\" \/>\n<meta property=\"article:modified_time\" content=\"2025-12-14T16:19:44+00:00\" \/>\n<meta property=\"og:image\" content=\"https:\/\/poznanski.media\/wp-content\/uploads\/2025\/07\/bsope-1-1024x768.png\" \/>\n<meta name=\"twitter:card\" content=\"summary_large_image\" \/>\n<meta name=\"twitter:label1\" content=\"Estimated reading time\" \/>\n\t<meta name=\"twitter:data1\" content=\"1 minute\" \/>\n<script type=\"application\/ld+json\" class=\"yoast-schema-graph\">{\"@context\":\"https:\/\/schema.org\",\"@graph\":[{\"@type\":\"WebPage\",\"@id\":\"https:\/\/poznanski.media\/uslugi\/\",\"url\":\"https:\/\/poznanski.media\/uslugi\/\",\"name\":\"Us\u0142ugi - Pozna\u0144ski Media\",\"isPartOf\":{\"@id\":\"https:\/\/poznanski.media\/#website\"},\"primaryImageOfPage\":{\"@id\":\"https:\/\/poznanski.media\/uslugi\/#primaryimage\"},\"image\":{\"@id\":\"https:\/\/poznanski.media\/uslugi\/#primaryimage\"},\"thumbnailUrl\":\"https:\/\/poznanski.media\/wp-content\/uploads\/2025\/07\/bsope-1-1024x768.png\",\"datePublished\":\"2025-07-07T16:29:16+00:00\",\"dateModified\":\"2025-12-14T16:19:44+00:00\",\"description\":\"Us\u0142ugi Pozna\u0144ski Media - tworzenie nowoczesnych stron internetowych i sklep\u00f3w WordPress oraz wsparcie techniczne dla firm.\",\"breadcrumb\":{\"@id\":\"https:\/\/poznanski.media\/uslugi\/#breadcrumb\"},\"inLanguage\":\"en-GB\",\"potentialAction\":[{\"@type\":\"ReadAction\",\"target\":[\"https:\/\/poznanski.media\/uslugi\/\"]}]},{\"@type\":\"ImageObject\",\"inLanguage\":\"en-GB\",\"@id\":\"https:\/\/poznanski.media\/uslugi\/#primaryimage\",\"url\":\"https:\/\/poznanski.media\/wp-content\/uploads\/2025\/07\/bsope-1-1024x768.png\",\"contentUrl\":\"https:\/\/poznanski.media\/wp-content\/uploads\/2025\/07\/bsope-1-1024x768.png\"},{\"@type\":\"BreadcrumbList\",\"@id\":\"https:\/\/poznanski.media\/uslugi\/#breadcrumb\",\"itemListElement\":[{\"@type\":\"ListItem\",\"position\":1,\"name\":\"Strona g\u0142\u00f3wna\",\"item\":\"https:\/\/poznanski.media\/\"},{\"@type\":\"ListItem\",\"position\":2,\"name\":\"Us\u0142ugi\"}]},{\"@type\":\"WebSite\",\"@id\":\"https:\/\/poznanski.media\/#website\",\"url\":\"https:\/\/poznanski.media\/\",\"name\":\"Pozna\u0144ski Media\",\"description\":\"Nowoczesne strony i sklepy WordPress, kt\u00f3re przyci\u0105gaj\u0105 klient\u00f3w online\",\"publisher\":{\"@id\":\"https:\/\/poznanski.media\/#organization\"},\"potentialAction\":[{\"@type\":\"SearchAction\",\"target\":{\"@type\":\"EntryPoint\",\"urlTemplate\":\"https:\/\/poznanski.media\/?s={search_term_string}\"},\"query-input\":{\"@type\":\"PropertyValueSpecification\",\"valueRequired\":true,\"valueName\":\"search_term_string\"}}],\"inLanguage\":\"en-GB\"},{\"@type\":\"Organization\",\"@id\":\"https:\/\/poznanski.media\/#organization\",\"name\":\"Pozna\u0144ski Media\",\"url\":\"https:\/\/poznanski.media\/\",\"logo\":{\"@type\":\"ImageObject\",\"inLanguage\":\"en-GB\",\"@id\":\"https:\/\/poznanski.media\/#\/schema\/logo\/image\/\",\"url\":\"https:\/\/poznanski.media\/wp-content\/uploads\/2025\/07\/white.svg\",\"contentUrl\":\"https:\/\/poznanski.media\/wp-content\/uploads\/2025\/07\/white.svg\",\"width\":203,\"height\":17,\"caption\":\"Pozna\u0144ski Media\"},\"image\":{\"@id\":\"https:\/\/poznanski.media\/#\/schema\/logo\/image\/\"},\"sameAs\":[\"https:\/\/www.facebook.com\/poznanskimedia\",\"https:\/\/instagram.com\/poznanski.media\"]}]}<\/script>\n<!-- \/ Yoast SEO plugin. -->","yoast_head_json":{"title":"Us\u0142ugi - Pozna\u0144ski Media","description":"Us\u0142ugi Pozna\u0144ski Media - tworzenie nowoczesnych stron internetowych i sklep\u00f3w WordPress oraz wsparcie techniczne dla firm.","robots":{"index":"index","follow":"follow","max-snippet":"max-snippet:-1","max-image-preview":"max-image-preview:large","max-video-preview":"max-video-preview:-1"},"canonical":"https:\/\/poznanski.media\/en\/uslugi\/","og_locale":"en_GB","og_type":"article","og_title":"Us\u0142ugi - Pozna\u0144ski Media","og_description":"Us\u0142ugi Pozna\u0144ski Media - tworzenie nowoczesnych stron internetowych i sklep\u00f3w WordPress oraz wsparcie techniczne dla firm.","og_url":"https:\/\/poznanski.media\/en\/uslugi\/","og_site_name":"Pozna\u0144ski Media","article_publisher":"https:\/\/www.facebook.com\/poznanskimedia","article_modified_time":"2025-12-14T16:19:44+00:00","og_image":[{"url":"https:\/\/poznanski.media\/wp-content\/uploads\/2025\/07\/bsope-1-1024x768.png","type":"","width":"","height":""}],"twitter_card":"summary_large_image","twitter_misc":{"Estimated reading time":"1 minute"},"schema":{"@context":"https:\/\/schema.org","@graph":[{"@type":"WebPage","@id":"https:\/\/poznanski.media\/uslugi\/","url":"https:\/\/poznanski.media\/uslugi\/","name":"Us\u0142ugi - Pozna\u0144ski Media","isPartOf":{"@id":"https:\/\/poznanski.media\/#website"},"primaryImageOfPage":{"@id":"https:\/\/poznanski.media\/uslugi\/#primaryimage"},"image":{"@id":"https:\/\/poznanski.media\/uslugi\/#primaryimage"},"thumbnailUrl":"https:\/\/poznanski.media\/wp-content\/uploads\/2025\/07\/bsope-1-1024x768.png","datePublished":"2025-07-07T16:29:16+00:00","dateModified":"2025-12-14T16:19:44+00:00","description":"Us\u0142ugi Pozna\u0144ski Media - tworzenie nowoczesnych stron internetowych i sklep\u00f3w WordPress oraz wsparcie techniczne dla firm.","breadcrumb":{"@id":"https:\/\/poznanski.media\/uslugi\/#breadcrumb"},"inLanguage":"en-GB","potentialAction":[{"@type":"ReadAction","target":["https:\/\/poznanski.media\/uslugi\/"]}]},{"@type":"ImageObject","inLanguage":"en-GB","@id":"https:\/\/poznanski.media\/uslugi\/#primaryimage","url":"https:\/\/poznanski.media\/wp-content\/uploads\/2025\/07\/bsope-1-1024x768.png","contentUrl":"https:\/\/poznanski.media\/wp-content\/uploads\/2025\/07\/bsope-1-1024x768.png"},{"@type":"BreadcrumbList","@id":"https:\/\/poznanski.media\/uslugi\/#breadcrumb","itemListElement":[{"@type":"ListItem","position":1,"name":"Strona g\u0142\u00f3wna","item":"https:\/\/poznanski.media\/"},{"@type":"ListItem","position":2,"name":"Us\u0142ugi"}]},{"@type":"WebSite","@id":"https:\/\/poznanski.media\/#website","url":"https:\/\/poznanski.media\/","name":"Pozna\u0144ski Media","description":"Nowoczesne strony i sklepy WordPress, kt\u00f3re przyci\u0105gaj\u0105 klient\u00f3w online","publisher":{"@id":"https:\/\/poznanski.media\/#organization"},"potentialAction":[{"@type":"SearchAction","target":{"@type":"EntryPoint","urlTemplate":"https:\/\/poznanski.media\/?s={search_term_string}"},"query-input":{"@type":"PropertyValueSpecification","valueRequired":true,"valueName":"search_term_string"}}],"inLanguage":"en-GB"},{"@type":"Organization","@id":"https:\/\/poznanski.media\/#organization","name":"Pozna\u0144ski Media","url":"https:\/\/poznanski.media\/","logo":{"@type":"ImageObject","inLanguage":"en-GB","@id":"https:\/\/poznanski.media\/#\/schema\/logo\/image\/","url":"https:\/\/poznanski.media\/wp-content\/uploads\/2025\/07\/white.svg","contentUrl":"https:\/\/poznanski.media\/wp-content\/uploads\/2025\/07\/white.svg","width":203,"height":17,"caption":"Pozna\u0144ski Media"},"image":{"@id":"https:\/\/poznanski.media\/#\/schema\/logo\/image\/"},"sameAs":["https:\/\/www.facebook.com\/poznanskimedia","https:\/\/instagram.com\/poznanski.media"]}]}},"_links":{"self":[{"href":"https:\/\/poznanski.media\/en\/wp-json\/wp\/v2\/pages\/72","targetHints":{"allow":["GET"]}}],"collection":[{"href":"https:\/\/poznanski.media\/en\/wp-json\/wp\/v2\/pages"}],"about":[{"href":"https:\/\/poznanski.media\/en\/wp-json\/wp\/v2\/types\/page"}],"author":[{"embeddable":true,"href":"https:\/\/poznanski.media\/en\/wp-json\/wp\/v2\/users\/1"}],"replies":[{"embeddable":true,"href":"https:\/\/poznanski.media\/en\/wp-json\/wp\/v2\/comments?post=72"}],"version-history":[{"count":47,"href":"https:\/\/poznanski.media\/en\/wp-json\/wp\/v2\/pages\/72\/revisions"}],"predecessor-version":[{"id":1385,"href":"https:\/\/poznanski.media\/en\/wp-json\/wp\/v2\/pages\/72\/revisions\/1385"}],"wp:attachment":[{"href":"https:\/\/poznanski.media\/en\/wp-json\/wp\/v2\/media?parent=72"}],"curies":[{"name":"wp","href":"https:\/\/api.w.org\/{rel}","templated":true}]}}